{"id":4710,"date":"2023-08-28T06:27:11","date_gmt":"2023-08-28T04:27:11","guid":{"rendered":"http:\/\/netwomening.com.5-175-45-53.panelninsoft.es\/%d8%a8%d8%a7-%d9%85%d8%a7-%d8%aa%d9%85%d8%a7%d8%b3-%d8%a8%da%af%db%8c%d8%b1%db%8c%d8%af\/"},"modified":"2026-04-07T15:49:02","modified_gmt":"2026-04-07T13:49:02","slug":"%d8%a8%d8%a7-%d9%85%d8%a7-%d8%aa%d9%85%d8%a7%d8%b3-%d8%a8%da%af%db%8c%d8%b1%db%8c%d8%af","status":"publish","type":"page","link":"https:\/\/netwomening.org\/fa\/%d8%a8%d8%a7-%d9%85%d8%a7-%d8%aa%d9%85%d8%a7%d8%b3-%d8%a8%da%af%db%8c%d8%b1%db%8c%d8%af\/","title":{"rendered":"\u0628\u0627 \u0645\u0627 \u062a\u0645\u0627\u0633 \u0628\u06af\u06cc\u0631\u06cc\u062f"},"content":{"rendered":"\t\t<div data-elementor-type=\"wp-page\" data-elementor-id=\"4710\" class=\"elementor elementor-4710 elementor-4465\" data-elementor-post-type=\"page\">\n\t\t\t\t\t\t<section class=\"elementor-section elementor-top-section elementor-element elementor-element-a69d606 elementor-section-stretched elementor-section-boxed elementor-section-height-default elementor-section-height-default\" data-id=\"a69d606\" data-element_type=\"section\" data-settings=\"{&quot;background_background&quot;:&quot;classic&quot;,&quot;stretch_section&quot;:&quot;section-stretched&quot;}\">\n\t\t\t\t\t\t\t<div class=\"elementor-background-overlay\"><\/div>\n\t\t\t\t\t\t\t<div class=\"elementor-container elementor-column-gap-default\">\n\t\t\t\t\t<div class=\"elementor-column elementor-col-100 elementor-top-column elementor-element elementor-element-e855e50\" data-id=\"e855e50\" data-element_type=\"column\">\n\t\t\t<div class=\"elementor-widget-wrap elementor-element-populated\">\n\t\t\t\t\t\t<div class=\"elementor-element elementor-element-c6e45f1 elementor-widget elementor-widget-heading\" data-id=\"c6e45f1\" data-element_type=\"widget\" data-widget_type=\"heading.default\">\n\t\t\t\t<div class=\"elementor-widget-container\">\n\t\t\t\t\t<h2 class=\"elementor-heading-title elementor-size-default\">\u0646\u062a\u200c\u0648\u0645\u0646\u06cc\u0646\u06af \u0634\u0628\u06a9\u0647\u200c\u0627\u06cc \u0627\u0632 \u062f\u0627\u0648\u0637\u0644\u0628\u0627\u0646 \u0628\u0627 \u067e\u06cc\u0634\u06cc\u0646\u0647\u200c\u0647\u0627\u06cc \u062d\u0631\u0641\u0647\u200c\u0627\u06cc \u06af\u0648\u0646\u0627\u06af\u0648\u0646 \u0648 \u0647\u0645\u0686\u0646\u06cc\u0646 \u0632\u0646\u0627\u0646 \u0627\u0641\u063a\u0627\u0646 \u062a\u062d\u062a \u062d\u0645\u0627\u06cc\u062a \u0628\u06cc\u0646\u200c\u0627\u0644\u0645\u0644\u0644\u06cc \u062f\u0631 \u0627\u0633\u067e\u0627\u0646\u06cc\u0627 \u0627\u0633\u062a\n \n\u062f\u0631 \u062d\u0627\u0644 \u062d\u0627\u0636\u0631 \u0627\u0632 \u0628\u06cc\u0634 \u0627\u0632 \u06f9\u06f0 \u0632\u0646 \u0648 \u062e\u0627\u0646\u0648\u0627\u062f\u0647\u200c\u0647\u0627\u06cc \u0622\u0646\u200c\u0647\u0627 \u062d\u0645\u0627\u06cc\u062a \u0645\u06cc\u200c\u06a9\u0646\u06cc\u0645.<\/h2>\t\t\t\t<\/div>\n\t\t\t\t<\/div>\n\t\t\t\t<div class=\"elementor-element elementor-element-46703fd elementor-widget elementor-widget-text-editor\" data-id=\"46703fd\" data-element_type=\"widget\" data-widget_type=\"text-editor.default\">\n\t\t\t\t<div class=\"elementor-widget-container\">\n\t\t\t\t\t\t\t\t\t<p>\u0645\u0623\u0645\u0648\u0631\u06cc\u062a \u0645\u0627 \u062d\u0645\u0627\u06cc\u062a \u0627\u0632 \u0627\u06cc\u0646 \u0632\u0646\u0627\u0646 \u0648 \u062a\u0633\u0647\u06cc\u0644 \u0627\u062f\u063a\u0627\u0645 \u0627\u062c\u062a\u0645\u0627\u0639\u06cc \u0648 \u0634\u063a\u0644\u06cc \u0622\u0646\u200c\u0647\u0627 \u062f\u0631 \u0627\u0633\u067e\u0627\u0646\u06cc\u0627 \u0627\u0633\u062a\u060c \u0628\u0627 \u0627\u06cc\u0646 \u0647\u062f\u0641 \u06a9\u0647 \u0628\u062a\u0648\u0627\u0646\u0646\u062f \u0632\u0646\u062f\u06af\u06cc \u062e\u0648\u062f \u0631\u0627 \u0627\u0632 \u0646\u0648 \u0622\u063a\u0627\u0632 \u06a9\u0646\u0646\u062f\u060c \u0628\u0631 \u062a\u0641\u0627\u0648\u062a\u200c\u0647\u0627\u06cc \u0641\u0631\u0647\u0646\u06af\u06cc\u060c \u0645\u0648\u0627\u0646\u0639 \u0632\u0628\u0627\u0646\u06cc \u0648 \u06a9\u0645\u0628\u0648\u062f \u0627\u0631\u062a\u0628\u0627\u0637\u0627\u062a \u062d\u0631\u0641\u0647\u200c\u0627\u06cc \u0648 \u0634\u062e\u0635\u06cc \u063a\u0644\u0628\u0647 \u06a9\u0646\u0646\u062f.<\/p><p><strong>\u0627\u06af\u0631 \u0628\u0647 \u0627\u0637\u0644\u0627\u0639\u0627\u062a \u0628\u06cc\u0634\u062a\u0631\u06cc \u0646\u06cc\u0627\u0632 \u062f\u0627\u0631\u06cc\u062f\u060c \u0628\u0627 \u0645\u0627 \u062a\u0645\u0627\u0633 \u0628\u06af\u06cc\u0631\u06cc\u062f.<\/strong><\/p><p style=\"font-weight: 400;\">\u062a\u0645\u0627\u0633 \u0631\u0633\u0627\u0646\u0647\u200c\u0627\u06cc:: <a href=\"mailto:comunicacion@netwomening.org\" target=\"_blank\" rel=\"noopener\">comunicacion@netwomening.org<\/a><\/p><p style=\"font-weight: 400;\"> <strong>\u0627\u0637\u0644\u0627\u0639\u0627\u062a \u0639\u0645\u0648\u0645\u06cc:: <a href=\"mailto:nwm@netwomening.org\" target=\"_blank\" rel=\"noopener\">nwm@netwomening.org<\/a><\/strong><\/p>\t\t\t\t\t\t\t\t<\/div>\n\t\t\t\t<\/div>\n\t\t\t\t<div class=\"elementor-element elementor-element-bd89aad contact7 elementor-widget elementor-widget-avas-contact-form-7\" data-id=\"bd89aad\" data-element_type=\"widget\" data-widget_type=\"avas-contact-form-7.default\">\n\t\t\t\t<div class=\"elementor-widget-container\">\n\t\t\t\t\t        \n                <div class=\"tx-contact-form-7\">\n\n           \n<div class=\"wpcf7 no-js\" id=\"wpcf7-f4920-o1\" lang=\"fa-IR\" dir=\"rtl\" data-wpcf7-id=\"4920\">\n<div class=\"screen-reader-response\"><p role=\"status\" aria-live=\"polite\" aria-atomic=\"true\"><\/p> <ul><\/ul><\/div>\n<form action=\"\/fa\/wp-json\/wp\/v2\/pages\/4710#wpcf7-f4920-o1\" method=\"post\" class=\"wpcf7-form init\" aria-label=\"\u0641\u0631\u0645 \u062a\u0645\u0627\u0633\" novalidate=\"novalidate\" data-status=\"init\">\n<div style=\"display: none;\">\n<input type=\"hidden\" name=\"_wpcf7\" value=\"4920\" \/>\n<input type=\"hidden\" name=\"_wpcf7_version\" value=\"6.0.2\" \/>\n<input type=\"hidden\" name=\"_wpcf7_locale\" value=\"fa_IR\" \/>\n<input type=\"hidden\" name=\"_wpcf7_unit_tag\" value=\"wpcf7-f4920-o1\" \/>\n<input type=\"hidden\" name=\"_wpcf7_container_post\" value=\"0\" \/>\n<input type=\"hidden\" name=\"_wpcf7_posted_data_hash\" value=\"\" \/>\n<input type=\"hidden\" name=\"_wpcf7_recaptcha_response\" value=\"\" \/>\n<\/div>\n<p><label>\u0646\u0627\u0645 <span class=\"wpcf7-form-control-wrap\" data-name=\"your-name\"><input size=\"40\" maxlength=\"400\" class=\"wpcf7-form-control wpcf7-text wpcf7-validates-as-required\" autocomplete=\"name\" aria-required=\"true\" aria-invalid=\"false\" value=\"\" type=\"text\" name=\"your-name\" \/><\/span> <\/label>\n<\/p>\n<p><label>\u0646\u0627\u0645 \u062e\u0627\u0646\u0648\u0627\u062f\u06af\u06cc <span class=\"wpcf7-form-control-wrap\" data-name=\"your-name\"><input size=\"40\" maxlength=\"400\" class=\"wpcf7-form-control wpcf7-text wpcf7-validates-as-required\" autocomplete=\"apellido\" aria-required=\"true\" aria-invalid=\"false\" value=\"\" type=\"text\" name=\"your-name\" \/><\/span> <\/label>\n<\/p>\n<p><label> \u067e\u0633\u062a \u0627\u0644\u06a9\u062a\u0631\u0648\u0646\u06cc\u06a9 <span class=\"wpcf7-form-control-wrap\" data-name=\"your-email\"><input size=\"40\" maxlength=\"400\" class=\"wpcf7-form-control wpcf7-email wpcf7-validates-as-required wpcf7-text wpcf7-validates-as-email\" autocomplete=\"email\" aria-required=\"true\" aria-invalid=\"false\" value=\"\" type=\"email\" name=\"your-email\" \/><\/span> <\/label>\n<\/p>\n<p><label> \u0633\u06cc\u0627\u0631 <span class=\"wpcf7-form-control-wrap\" data-name=\"tel-838\"><input size=\"40\" maxlength=\"400\" class=\"wpcf7-form-control wpcf7-tel wpcf7-text wpcf7-validates-as-tel\" aria-invalid=\"false\" value=\"\" type=\"tel\" name=\"tel-838\" \/><\/span><\/label>\n<\/p>\n<div>\n\t<p><label> \u0686\u06af\u0648\u0646\u0647 \u062f\u0648\u0633\u062a \u062f\u0627\u0631\u06cc\u062f \u0647\u0645\u06a9\u0627\u0631\u06cc \u06a9\u0646\u06cc\u062f\u061f <\/label><br \/>\n<span class=\"wpcf7-form-control-wrap\" data-name=\"your-message\"><textarea cols=\"40\" rows=\"10\" maxlength=\"2000\" class=\"wpcf7-form-control wpcf7-textarea\" aria-invalid=\"false\" name=\"your-message\"><\/textarea><\/span>\n\t<\/p>\n<\/div>\n<p><label class=\"btn-env\"><br \/>\n<input class=\"wpcf7-form-control wpcf7-submit has-spinner\" type=\"submit\" value=\"Enviar\" \/> <\/label>\n<\/p><div class=\"wpcf7-response-output\" aria-hidden=\"true\"><\/div>\n<\/form>\n<\/div>\n       \n        <\/div><!-- tx-contact-form-7 -->\n        \n    \t\t\t\t<\/div>\n\t\t\t\t<\/div>\n\t\t\t\t\t<\/div>\n\t\t<\/div>\n\t\t\t\t\t<\/div>\n\t\t<\/section>\n\t\t\t\t<\/div>\n\t\t","protected":false},"excerpt":{"rendered":"<p class=\"tx-excerpt\">\u0646\u062a\u200c\u0648\u0645\u0646\u06cc\u0646\u06af \u0634\u0628\u06a9\u0647\u200c\u0627\u06cc \u0627\u0632 \u062f\u0627\u0648\u0637\u0644\u0628\u0627\u0646 \u0628\u0627 \u067e\u06cc\u0634\u06cc\u0646\u0647\u200c\u0647\u0627\u06cc \u062d\u0631\u0641\u0647\u200c\u0627\u06cc \u06af\u0648\u0646\u0627\u06af\u0648\u0646 \u0648 \u0647\u0645\u0686\u0646\u06cc\u0646 \u0632\u0646\u0627\u0646 \u0627\u0641\u063a\u0627\u0646 \u062a\u062d\u062a \u062d\u0645\u0627\u06cc\u062a \u0628\u06cc\u0646\u200c\u0627\u0644\u0645\u0644\u0644\u06cc \u062f\u0631 \u0627\u0633\u067e\u0627\u0646\u06cc\u0627 \u0627\u0633\u062a \u062f\u0631 \u062d\u0627\u0644 \u062d\u0627\u0636\u0631 \u0627\u0632 \u0628\u06cc\u0634 \u0627\u0632 \u06f9\u06f0 \u0632\u0646 \u0648 \u062e\u0627\u0646\u0648\u0627\u062f\u0647\u200c\u0647\u0627\u06cc \u0622\u0646\u200c\u0647\u0627 \u062d\u0645\u0627\u06cc\u062a \u0645\u06cc\u200c\u06a9\u0646\u06cc\u0645. \u0645\u0623\u0645\u0648\u0631\u06cc\u062a \u0645\u0627","protected":false},"author":1,"featured_media":4893,"parent":0,"menu_order":0,"comment_status":"closed","ping_status":"closed","template":"","meta":{"footnotes":""},"class_list":["post-4710","page","type-page","status-publish","has-post-thumbnail","hentry"],"acf":[],"yoast_head":"<!-- This site is optimized with the Yoast SEO plugin v26.7 - https:\/\/yoast.com\/wordpress\/plugins\/seo\/ -->\n<title>\u0628\u0627 \u0645\u0627 \u062a\u0645\u0627\u0633 \u0628\u06af\u06cc\u0631\u06cc\u062f - NetWomening<\/title>\n<meta name=\"robots\" content=\"index, follow, max-snippet:-1, max-image-preview:large, max-video-preview:-1\" \/>\n<link rel=\"canonical\" href=\"https:\/\/netwomening.org\/fa\/%d8%a8%d8%a7-%d9%85%d8%a7-%d8%aa%d9%85%d8%a7%d8%b3-%d8%a8%da%af%db%8c%d8%b1%db%8c%d8%af\/\" \/>\n<meta property=\"og:locale\" content=\"fa_IR\" \/>\n<meta property=\"og:type\" content=\"article\" \/>\n<meta property=\"og:title\" content=\"\u0628\u0627 \u0645\u0627 \u062a\u0645\u0627\u0633 \u0628\u06af\u06cc\u0631\u06cc\u062f - NetWomening\" \/>\n<meta property=\"og:description\" content=\"\u0646\u062a\u200c\u0648\u0645\u0646\u06cc\u0646\u06af \u0634\u0628\u06a9\u0647\u200c\u0627\u06cc \u0627\u0632 \u062f\u0627\u0648\u0637\u0644\u0628\u0627\u0646 \u0628\u0627 \u067e\u06cc\u0634\u06cc\u0646\u0647\u200c\u0647\u0627\u06cc \u062d\u0631\u0641\u0647\u200c\u0627\u06cc \u06af\u0648\u0646\u0627\u06af\u0648\u0646 \u0648 \u0647\u0645\u0686\u0646\u06cc\u0646 \u0632\u0646\u0627\u0646 \u0627\u0641\u063a\u0627\u0646 \u062a\u062d\u062a \u062d\u0645\u0627\u06cc\u062a \u0628\u06cc\u0646\u200c\u0627\u0644\u0645\u0644\u0644\u06cc \u062f\u0631 \u0627\u0633\u067e\u0627\u0646\u06cc\u0627 \u0627\u0633\u062a \u062f\u0631 \u062d\u0627\u0644 \u062d\u0627\u0636\u0631 \u0627\u0632 \u0628\u06cc\u0634 \u0627\u0632 \u06f9\u06f0 \u0632\u0646 \u0648 \u062e\u0627\u0646\u0648\u0627\u062f\u0647\u200c\u0647\u0627\u06cc \u0622\u0646\u200c\u0647\u0627 \u062d\u0645\u0627\u06cc\u062a \u0645\u06cc\u200c\u06a9\u0646\u06cc\u0645. \u0645\u0623\u0645\u0648\u0631\u06cc\u062a \u0645\u0627 \u062d\u0645\u0627\u06cc\u062a \u0627\u0632 \u0627\u06cc\u0646 \u0632\u0646\u0627\u0646 \u0648 \u062a\u0633\u0647\u06cc\u0644 \u0627\u062f\u063a\u0627\u0645 \u0627\u062c\u062a\u0645\u0627\u0639\u06cc \u0648 \u0634\u063a\u0644\u06cc \u0622\u0646\u200c\u0647\u0627 \u062f\u0631 \u0627\u0633\u067e\u0627\u0646\u06cc\u0627 \u0627\u0633\u062a\u060c \u0628\u0627 \u0627\u06cc\u0646 \u0647\u062f\u0641 \u06a9\u0647 \u0628\u062a\u0648\u0627\u0646\u0646\u062f \u0632\u0646\u062f\u06af\u06cc \u062e\u0648\u062f \u0631\u0627 [&hellip;]\" \/>\n<meta property=\"og:url\" content=\"https:\/\/netwomening.org\/fa\/%d8%a8%d8%a7-%d9%85%d8%a7-%d8%aa%d9%85%d8%a7%d8%b3-%d8%a8%da%af%db%8c%d8%b1%db%8c%d8%af\/\" \/>\n<meta property=\"og:site_name\" content=\"NetWomening\" \/>\n<meta property=\"article:modified_time\" content=\"2026-04-07T13:49:02+00:00\" \/>\n<meta property=\"og:image\" content=\"https:\/\/netwomening.org\/wp-content\/uploads\/2023\/08\/Cabecera_QuieneSomos-1-1.png\" \/>\n\t<meta property=\"og:image:width\" content=\"804\" \/>\n\t<meta property=\"og:image:height\" content=\"352\" \/>\n\t<meta property=\"og:image:type\" content=\"image\/png\" \/>\n<meta name=\"twitter:card\" content=\"summary_large_image\" \/>\n<script type=\"application\/ld+json\" class=\"yoast-schema-graph\">{\"@context\":\"https:\/\/schema.org\",\"@graph\":[{\"@type\":\"WebPage\",\"@id\":\"https:\/\/netwomening.org\/fa\/%d8%a8%d8%a7-%d9%85%d8%a7-%d8%aa%d9%85%d8%a7%d8%b3-%d8%a8%da%af%db%8c%d8%b1%db%8c%d8%af\/\",\"url\":\"https:\/\/netwomening.org\/fa\/%d8%a8%d8%a7-%d9%85%d8%a7-%d8%aa%d9%85%d8%a7%d8%b3-%d8%a8%da%af%db%8c%d8%b1%db%8c%d8%af\/\",\"name\":\"\u0628\u0627 \u0645\u0627 \u062a\u0645\u0627\u0633 \u0628\u06af\u06cc\u0631\u06cc\u062f - NetWomening\",\"isPartOf\":{\"@id\":\"https:\/\/netwomening.org\/fa\/#website\"},\"primaryImageOfPage\":{\"@id\":\"https:\/\/netwomening.org\/fa\/%d8%a8%d8%a7-%d9%85%d8%a7-%d8%aa%d9%85%d8%a7%d8%b3-%d8%a8%da%af%db%8c%d8%b1%db%8c%d8%af\/#primaryimage\"},\"image\":{\"@id\":\"https:\/\/netwomening.org\/fa\/%d8%a8%d8%a7-%d9%85%d8%a7-%d8%aa%d9%85%d8%a7%d8%b3-%d8%a8%da%af%db%8c%d8%b1%db%8c%d8%af\/#primaryimage\"},\"thumbnailUrl\":\"https:\/\/netwomening.org\/wp-content\/uploads\/2023\/08\/Cabecera_QuieneSomos-1-1.png\",\"datePublished\":\"2023-08-28T04:27:11+00:00\",\"dateModified\":\"2026-04-07T13:49:02+00:00\",\"inLanguage\":\"fa-IR\",\"potentialAction\":[{\"@type\":\"ReadAction\",\"target\":[\"https:\/\/netwomening.org\/fa\/%d8%a8%d8%a7-%d9%85%d8%a7-%d8%aa%d9%85%d8%a7%d8%b3-%d8%a8%da%af%db%8c%d8%b1%db%8c%d8%af\/\"]}]},{\"@type\":\"ImageObject\",\"inLanguage\":\"fa-IR\",\"@id\":\"https:\/\/netwomening.org\/fa\/%d8%a8%d8%a7-%d9%85%d8%a7-%d8%aa%d9%85%d8%a7%d8%b3-%d8%a8%da%af%db%8c%d8%b1%db%8c%d8%af\/#primaryimage\",\"url\":\"https:\/\/netwomening.org\/wp-content\/uploads\/2023\/08\/Cabecera_QuieneSomos-1-1.png\",\"contentUrl\":\"https:\/\/netwomening.org\/wp-content\/uploads\/2023\/08\/Cabecera_QuieneSomos-1-1.png\",\"width\":804,\"height\":352},{\"@type\":\"WebSite\",\"@id\":\"https:\/\/netwomening.org\/fa\/#website\",\"url\":\"https:\/\/netwomening.org\/fa\/\",\"name\":\"NetWomening\",\"description\":\"Asociaci\u00f3n sin \u00e1nimo de lucro que ayuda a mujeres afganas bajo protecci\u00f3n internacional en Espa\u00f1a a reiniciar su vida tejiendo una red de apoyo\",\"publisher\":{\"@id\":\"https:\/\/netwomening.org\/fa\/#organization\"},\"potentialAction\":[{\"@type\":\"SearchAction\",\"target\":{\"@type\":\"EntryPoint\",\"urlTemplate\":\"https:\/\/netwomening.org\/fa\/?s={search_term_string}\"},\"query-input\":{\"@type\":\"PropertyValueSpecification\",\"valueRequired\":true,\"valueName\":\"search_term_string\"}}],\"inLanguage\":\"fa-IR\"},{\"@type\":\"Organization\",\"@id\":\"https:\/\/netwomening.org\/fa\/#organization\",\"name\":\"NetWomening\",\"url\":\"https:\/\/netwomening.org\/fa\/\",\"logo\":{\"@type\":\"ImageObject\",\"inLanguage\":\"fa-IR\",\"@id\":\"https:\/\/netwomening.org\/fa\/#\/schema\/logo\/image\/\",\"url\":\"https:\/\/netwomening.org\/wp-content\/uploads\/2023\/08\/Logo_Netwomering-02.svg\",\"contentUrl\":\"https:\/\/netwomening.org\/wp-content\/uploads\/2023\/08\/Logo_Netwomering-02.svg\",\"width\":156,\"height\":17,\"caption\":\"NetWomening\"},\"image\":{\"@id\":\"https:\/\/netwomening.org\/fa\/#\/schema\/logo\/image\/\"}}]}<\/script>\n<!-- \/ Yoast SEO plugin. -->","yoast_head_json":{"title":"\u0628\u0627 \u0645\u0627 \u062a\u0645\u0627\u0633 \u0628\u06af\u06cc\u0631\u06cc\u062f - NetWomening","robots":{"index":"index","follow":"follow","max-snippet":"max-snippet:-1","max-image-preview":"max-image-preview:large","max-video-preview":"max-video-preview:-1"},"canonical":"https:\/\/netwomening.org\/fa\/%d8%a8%d8%a7-%d9%85%d8%a7-%d8%aa%d9%85%d8%a7%d8%b3-%d8%a8%da%af%db%8c%d8%b1%db%8c%d8%af\/","og_locale":"fa_IR","og_type":"article","og_title":"\u0628\u0627 \u0645\u0627 \u062a\u0645\u0627\u0633 \u0628\u06af\u06cc\u0631\u06cc\u062f - NetWomening","og_description":"\u0646\u062a\u200c\u0648\u0645\u0646\u06cc\u0646\u06af \u0634\u0628\u06a9\u0647\u200c\u0627\u06cc \u0627\u0632 \u062f\u0627\u0648\u0637\u0644\u0628\u0627\u0646 \u0628\u0627 \u067e\u06cc\u0634\u06cc\u0646\u0647\u200c\u0647\u0627\u06cc \u062d\u0631\u0641\u0647\u200c\u0627\u06cc \u06af\u0648\u0646\u0627\u06af\u0648\u0646 \u0648 \u0647\u0645\u0686\u0646\u06cc\u0646 \u0632\u0646\u0627\u0646 \u0627\u0641\u063a\u0627\u0646 \u062a\u062d\u062a \u062d\u0645\u0627\u06cc\u062a \u0628\u06cc\u0646\u200c\u0627\u0644\u0645\u0644\u0644\u06cc \u062f\u0631 \u0627\u0633\u067e\u0627\u0646\u06cc\u0627 \u0627\u0633\u062a \u062f\u0631 \u062d\u0627\u0644 \u062d\u0627\u0636\u0631 \u0627\u0632 \u0628\u06cc\u0634 \u0627\u0632 \u06f9\u06f0 \u0632\u0646 \u0648 \u062e\u0627\u0646\u0648\u0627\u062f\u0647\u200c\u0647\u0627\u06cc \u0622\u0646\u200c\u0647\u0627 \u062d\u0645\u0627\u06cc\u062a \u0645\u06cc\u200c\u06a9\u0646\u06cc\u0645. \u0645\u0623\u0645\u0648\u0631\u06cc\u062a \u0645\u0627 \u062d\u0645\u0627\u06cc\u062a \u0627\u0632 \u0627\u06cc\u0646 \u0632\u0646\u0627\u0646 \u0648 \u062a\u0633\u0647\u06cc\u0644 \u0627\u062f\u063a\u0627\u0645 \u0627\u062c\u062a\u0645\u0627\u0639\u06cc \u0648 \u0634\u063a\u0644\u06cc \u0622\u0646\u200c\u0647\u0627 \u062f\u0631 \u0627\u0633\u067e\u0627\u0646\u06cc\u0627 \u0627\u0633\u062a\u060c \u0628\u0627 \u0627\u06cc\u0646 \u0647\u062f\u0641 \u06a9\u0647 \u0628\u062a\u0648\u0627\u0646\u0646\u062f \u0632\u0646\u062f\u06af\u06cc \u062e\u0648\u062f \u0631\u0627 [&hellip;]","og_url":"https:\/\/netwomening.org\/fa\/%d8%a8%d8%a7-%d9%85%d8%a7-%d8%aa%d9%85%d8%a7%d8%b3-%d8%a8%da%af%db%8c%d8%b1%db%8c%d8%af\/","og_site_name":"NetWomening","article_modified_time":"2026-04-07T13:49:02+00:00","og_image":[{"width":804,"height":352,"url":"https:\/\/netwomening.org\/wp-content\/uploads\/2023\/08\/Cabecera_QuieneSomos-1-1.png","type":"image\/png"}],"twitter_card":"summary_large_image","schema":{"@context":"https:\/\/schema.org","@graph":[{"@type":"WebPage","@id":"https:\/\/netwomening.org\/fa\/%d8%a8%d8%a7-%d9%85%d8%a7-%d8%aa%d9%85%d8%a7%d8%b3-%d8%a8%da%af%db%8c%d8%b1%db%8c%d8%af\/","url":"https:\/\/netwomening.org\/fa\/%d8%a8%d8%a7-%d9%85%d8%a7-%d8%aa%d9%85%d8%a7%d8%b3-%d8%a8%da%af%db%8c%d8%b1%db%8c%d8%af\/","name":"\u0628\u0627 \u0645\u0627 \u062a\u0645\u0627\u0633 \u0628\u06af\u06cc\u0631\u06cc\u062f - NetWomening","isPartOf":{"@id":"https:\/\/netwomening.org\/fa\/#website"},"primaryImageOfPage":{"@id":"https:\/\/netwomening.org\/fa\/%d8%a8%d8%a7-%d9%85%d8%a7-%d8%aa%d9%85%d8%a7%d8%b3-%d8%a8%da%af%db%8c%d8%b1%db%8c%d8%af\/#primaryimage"},"image":{"@id":"https:\/\/netwomening.org\/fa\/%d8%a8%d8%a7-%d9%85%d8%a7-%d8%aa%d9%85%d8%a7%d8%b3-%d8%a8%da%af%db%8c%d8%b1%db%8c%d8%af\/#primaryimage"},"thumbnailUrl":"https:\/\/netwomening.org\/wp-content\/uploads\/2023\/08\/Cabecera_QuieneSomos-1-1.png","datePublished":"2023-08-28T04:27:11+00:00","dateModified":"2026-04-07T13:49:02+00:00","inLanguage":"fa-IR","potentialAction":[{"@type":"ReadAction","target":["https:\/\/netwomening.org\/fa\/%d8%a8%d8%a7-%d9%85%d8%a7-%d8%aa%d9%85%d8%a7%d8%b3-%d8%a8%da%af%db%8c%d8%b1%db%8c%d8%af\/"]}]},{"@type":"ImageObject","inLanguage":"fa-IR","@id":"https:\/\/netwomening.org\/fa\/%d8%a8%d8%a7-%d9%85%d8%a7-%d8%aa%d9%85%d8%a7%d8%b3-%d8%a8%da%af%db%8c%d8%b1%db%8c%d8%af\/#primaryimage","url":"https:\/\/netwomening.org\/wp-content\/uploads\/2023\/08\/Cabecera_QuieneSomos-1-1.png","contentUrl":"https:\/\/netwomening.org\/wp-content\/uploads\/2023\/08\/Cabecera_QuieneSomos-1-1.png","width":804,"height":352},{"@type":"WebSite","@id":"https:\/\/netwomening.org\/fa\/#website","url":"https:\/\/netwomening.org\/fa\/","name":"NetWomening","description":"Asociaci\u00f3n sin \u00e1nimo de lucro que ayuda a mujeres afganas bajo protecci\u00f3n internacional en Espa\u00f1a a reiniciar su vida tejiendo una red de apoyo","publisher":{"@id":"https:\/\/netwomening.org\/fa\/#organization"},"potentialAction":[{"@type":"SearchAction","target":{"@type":"EntryPoint","urlTemplate":"https:\/\/netwomening.org\/fa\/?s={search_term_string}"},"query-input":{"@type":"PropertyValueSpecification","valueRequired":true,"valueName":"search_term_string"}}],"inLanguage":"fa-IR"},{"@type":"Organization","@id":"https:\/\/netwomening.org\/fa\/#organization","name":"NetWomening","url":"https:\/\/netwomening.org\/fa\/","logo":{"@type":"ImageObject","inLanguage":"fa-IR","@id":"https:\/\/netwomening.org\/fa\/#\/schema\/logo\/image\/","url":"https:\/\/netwomening.org\/wp-content\/uploads\/2023\/08\/Logo_Netwomering-02.svg","contentUrl":"https:\/\/netwomening.org\/wp-content\/uploads\/2023\/08\/Logo_Netwomering-02.svg","width":156,"height":17,"caption":"NetWomening"},"image":{"@id":"https:\/\/netwomening.org\/fa\/#\/schema\/logo\/image\/"}}]}},"jetpack_sharing_enabled":true,"_links":{"self":[{"href":"https:\/\/netwomening.org\/fa\/wp-json\/wp\/v2\/pages\/4710","targetHints":{"allow":["GET"]}}],"collection":[{"href":"https:\/\/netwomening.org\/fa\/wp-json\/wp\/v2\/pages"}],"about":[{"href":"https:\/\/netwomening.org\/fa\/wp-json\/wp\/v2\/types\/page"}],"author":[{"embeddable":true,"href":"https:\/\/netwomening.org\/fa\/wp-json\/wp\/v2\/users\/1"}],"replies":[{"embeddable":true,"href":"https:\/\/netwomening.org\/fa\/wp-json\/wp\/v2\/comments?post=4710"}],"version-history":[{"count":3,"href":"https:\/\/netwomening.org\/fa\/wp-json\/wp\/v2\/pages\/4710\/revisions"}],"predecessor-version":[{"id":10281,"href":"https:\/\/netwomening.org\/fa\/wp-json\/wp\/v2\/pages\/4710\/revisions\/10281"}],"wp:featuredmedia":[{"embeddable":true,"href":"https:\/\/netwomening.org\/fa\/wp-json\/wp\/v2\/media\/4893"}],"wp:attachment":[{"href":"https:\/\/netwomening.org\/fa\/wp-json\/wp\/v2\/media?parent=4710"}],"curies":[{"name":"wp","href":"https:\/\/api.w.org\/{rel}","templated":true}]}}