{"id":10287,"date":"2026-01-16T12:07:50","date_gmt":"2026-01-16T11:07:50","guid":{"rendered":"https:\/\/netwomening.org\/%d8%ad%d9%85%d8%a7%db%8c%d8%aa-%d9%85%d8%a7%d9%84%db%8c\/"},"modified":"2026-04-07T16:16:17","modified_gmt":"2026-04-07T14:16:17","slug":"%d8%ad%d9%85%d8%a7%db%8c%d8%aa-%d9%85%d8%a7%d9%84%db%8c","status":"publish","type":"page","link":"https:\/\/netwomening.org\/fa\/%d8%ad%d9%85%d8%a7%db%8c%d8%aa-%d9%85%d8%a7%d9%84%db%8c\/","title":{"rendered":"\u062d\u0645\u0627\u06cc\u062a \u0645\u0627\u0644\u06cc"},"content":{"rendered":"\t\t<div data-elementor-type=\"wp-page\" data-elementor-id=\"10287\" class=\"elementor elementor-10287 elementor-9962\" data-elementor-post-type=\"page\">\n\t\t\t\t\t\t<section class=\"elementor-section elementor-top-section elementor-element elementor-element-1e857ac elementor-section-boxed elementor-section-height-default elementor-section-height-default\" data-id=\"1e857ac\" data-element_type=\"section\">\n\t\t\t\t\t\t<div class=\"elementor-container elementor-column-gap-default\">\n\t\t\t\t\t<div class=\"elementor-column elementor-col-100 elementor-top-column elementor-element elementor-element-9f5ad62\" data-id=\"9f5ad62\" data-element_type=\"column\">\n\t\t\t<div class=\"elementor-widget-wrap elementor-element-populated\">\n\t\t\t\t\t\t<div class=\"elementor-element elementor-element-717d8f1 elementor-widget elementor-widget-spacer\" data-id=\"717d8f1\" data-element_type=\"widget\" data-widget_type=\"spacer.default\">\n\t\t\t\t<div class=\"elementor-widget-container\">\n\t\t\t\t\t\t\t<div class=\"elementor-spacer\">\n\t\t\t<div class=\"elementor-spacer-inner\"><\/div>\n\t\t<\/div>\n\t\t\t\t\t\t<\/div>\n\t\t\t\t<\/div>\n\t\t\t\t\t<\/div>\n\t\t<\/div>\n\t\t\t\t\t<\/div>\n\t\t<\/section>\n\t\t\t\t<section class=\"elementor-section elementor-top-section elementor-element elementor-element-d2a1c7f elementor-section-boxed elementor-section-height-default elementor-section-height-default\" data-id=\"d2a1c7f\" data-element_type=\"section\">\n\t\t\t\t\t\t<div class=\"elementor-container elementor-column-gap-default\">\n\t\t\t\t\t<div class=\"elementor-column elementor-col-100 elementor-top-column elementor-element elementor-element-26673a5\" data-id=\"26673a5\" data-element_type=\"column\">\n\t\t\t<div class=\"elementor-widget-wrap elementor-element-populated\">\n\t\t\t\t\t\t<div class=\"elementor-element elementor-element-93d2f99 elementor-widget elementor-widget-video\" data-id=\"93d2f99\" data-element_type=\"widget\" data-settings=\"{&quot;youtube_url&quot;:&quot;https:\\\/\\\/www.youtube.com\\\/watch?v=4EkDyigrxCU&quot;,&quot;video_type&quot;:&quot;youtube&quot;,&quot;controls&quot;:&quot;yes&quot;}\" data-widget_type=\"video.default\">\n\t\t\t\t<div class=\"elementor-widget-container\">\n\t\t\t\t\t\t\t<div class=\"elementor-wrapper elementor-open-inline\">\n\t\t\t<div class=\"elementor-video\"><\/div>\t\t<\/div>\n\t\t\t\t\t\t<\/div>\n\t\t\t\t<\/div>\n\t\t\t\t\t<\/div>\n\t\t<\/div>\n\t\t\t\t\t<\/div>\n\t\t<\/section>\n\t\t\t\t<section class=\"elementor-section elementor-top-section elementor-element elementor-element-3f19cb5 elementor-section-boxed elementor-section-height-default elementor-section-height-default\" data-id=\"3f19cb5\" data-element_type=\"section\">\n\t\t\t\t\t\t<div class=\"elementor-container elementor-column-gap-default\">\n\t\t\t\t\t<div class=\"elementor-column elementor-col-100 elementor-top-column elementor-element elementor-element-4fd8229\" data-id=\"4fd8229\" data-element_type=\"column\">\n\t\t\t<div class=\"elementor-widget-wrap elementor-element-populated\">\n\t\t\t\t\t\t<div class=\"elementor-element elementor-element-81963ae elementor-widget elementor-widget-heading\" data-id=\"81963ae\" data-element_type=\"widget\" data-widget_type=\"heading.default\">\n\t\t\t\t<div class=\"elementor-widget-container\">\n\t\t\t\t\t<h2 class=\"elementor-heading-title elementor-size-default\">\u0645\u0634\u0627\u0631\u06a9\u062a \u0634\u0645\u0627 \u0627\u0645\u06a9\u0627\u0646 \u0627\u062f\u0627\u0645\u0647 \u0641\u0639\u0627\u0644\u06cc\u062a\u200c\u0647\u0627\u06cc \u0645\u0627 \u0631\u0627 \u0641\u0631\u0627\u0647\u0645 \u0645\u06cc\u200c\u06a9\u0646\u062f<\/h2>\t\t\t\t<\/div>\n\t\t\t\t<\/div>\n\t\t\t\t\t<\/div>\n\t\t<\/div>\n\t\t\t\t\t<\/div>\n\t\t<\/section>\n\t\t\t\t<section class=\"elementor-section elementor-top-section elementor-element elementor-element-993a10b elementor-section-boxed elementor-section-height-default elementor-section-height-default\" data-id=\"993a10b\" data-element_type=\"section\">\n\t\t\t\t\t\t<div class=\"elementor-container elementor-column-gap-default\">\n\t\t\t\t\t<div class=\"elementor-column elementor-col-50 elementor-top-column elementor-element elementor-element-604ac8b\" data-id=\"604ac8b\" data-element_type=\"column\">\n\t\t\t<div class=\"elementor-widget-wrap elementor-element-populated\">\n\t\t\t\t\t\t<div class=\"elementor-element elementor-element-16ab4d6 elementor-widget elementor-widget-image\" data-id=\"16ab4d6\" data-element_type=\"widget\" data-widget_type=\"image.default\">\n\t\t\t\t<div class=\"elementor-widget-container\">\n\t\t\t\t\t\t\t\t\t\t\t\t\t\t\t\t<a href=\"https:\/\/services.tochat.be\/p\/dona100-transformavidas\/form\/stripe\">\n\t\t\t\t\t\t\t<img fetchpriority=\"high\" decoding=\"async\" width=\"1024\" height=\"512\" src=\"https:\/\/netwomening.org\/wp-content\/uploads\/2025\/09\/Dona-100E-transforma-vidas-1024x512.jpg\" class=\"attachment-large size-large wp-image-9574\" alt=\"\" srcset=\"https:\/\/netwomening.org\/wp-content\/uploads\/2025\/09\/Dona-100E-transforma-vidas-1024x512.jpg 1024w, https:\/\/netwomening.org\/wp-content\/uploads\/2025\/09\/Dona-100E-transforma-vidas-300x150.jpg 300w, https:\/\/netwomening.org\/wp-content\/uploads\/2025\/09\/Dona-100E-transforma-vidas-768x384.jpg 768w, https:\/\/netwomening.org\/wp-content\/uploads\/2025\/09\/Dona-100E-transforma-vidas-1536x768.jpg 1536w, https:\/\/netwomening.org\/wp-content\/uploads\/2025\/09\/Dona-100E-transforma-vidas-2048x1024.jpg 2048w, https:\/\/netwomening.org\/wp-content\/uploads\/2025\/09\/Dona-100E-transforma-vidas-800x400.jpg 800w, https:\/\/netwomening.org\/wp-content\/uploads\/2025\/09\/Dona-100E-transforma-vidas-80x40.jpg 80w, https:\/\/netwomening.org\/wp-content\/uploads\/2025\/09\/Dona-100E-transforma-vidas-360x180.jpg 360w, https:\/\/netwomening.org\/wp-content\/uploads\/2025\/09\/Dona-100E-transforma-vidas-373x187.jpg 373w, https:\/\/netwomening.org\/wp-content\/uploads\/2025\/09\/Dona-100E-transforma-vidas-620x310.jpg 620w, https:\/\/netwomening.org\/wp-content\/uploads\/2025\/09\/Dona-100E-transforma-vidas-460x230.jpg 460w, https:\/\/netwomening.org\/wp-content\/uploads\/2025\/09\/Dona-100E-transforma-vidas-365x183.jpg 365w\" sizes=\"(max-width: 1024px) 100vw, 1024px\" \/>\t\t\t\t\t\t\t\t<\/a>\n\t\t\t\t\t\t\t\t\t\t\t\t\t\t\t<\/div>\n\t\t\t\t<\/div>\n\t\t\t\t\t<\/div>\n\t\t<\/div>\n\t\t\t\t<div class=\"elementor-column elementor-col-50 elementor-top-column elementor-element elementor-element-0e618e2\" data-id=\"0e618e2\" data-element_type=\"column\">\n\t\t\t<div class=\"elementor-widget-wrap elementor-element-populated\">\n\t\t\t\t\t\t<div class=\"elementor-element elementor-element-7b62580 elementor-widget elementor-widget-image\" data-id=\"7b62580\" data-element_type=\"widget\" data-widget_type=\"image.default\">\n\t\t\t\t<div class=\"elementor-widget-container\">\n\t\t\t\t\t\t\t\t\t\t\t\t\t\t\t\t<a href=\"https:\/\/services.tochat.be\/p\/dona50-hazcrecerelcambio\/form\/stripe\">\n\t\t\t\t\t\t\t<img decoding=\"async\" width=\"1024\" height=\"512\" src=\"https:\/\/netwomening.org\/wp-content\/uploads\/2025\/09\/Dona-50E-haz-crecer-el-cambio-1024x512.jpg\" class=\"attachment-large size-large wp-image-9580\" alt=\"\" srcset=\"https:\/\/netwomening.org\/wp-content\/uploads\/2025\/09\/Dona-50E-haz-crecer-el-cambio-1024x512.jpg 1024w, https:\/\/netwomening.org\/wp-content\/uploads\/2025\/09\/Dona-50E-haz-crecer-el-cambio-300x150.jpg 300w, https:\/\/netwomening.org\/wp-content\/uploads\/2025\/09\/Dona-50E-haz-crecer-el-cambio-768x384.jpg 768w, https:\/\/netwomening.org\/wp-content\/uploads\/2025\/09\/Dona-50E-haz-crecer-el-cambio-1536x768.jpg 1536w, https:\/\/netwomening.org\/wp-content\/uploads\/2025\/09\/Dona-50E-haz-crecer-el-cambio-2048x1024.jpg 2048w, https:\/\/netwomening.org\/wp-content\/uploads\/2025\/09\/Dona-50E-haz-crecer-el-cambio-800x400.jpg 800w, https:\/\/netwomening.org\/wp-content\/uploads\/2025\/09\/Dona-50E-haz-crecer-el-cambio-80x40.jpg 80w, https:\/\/netwomening.org\/wp-content\/uploads\/2025\/09\/Dona-50E-haz-crecer-el-cambio-360x180.jpg 360w, https:\/\/netwomening.org\/wp-content\/uploads\/2025\/09\/Dona-50E-haz-crecer-el-cambio-373x187.jpg 373w, https:\/\/netwomening.org\/wp-content\/uploads\/2025\/09\/Dona-50E-haz-crecer-el-cambio-620x310.jpg 620w, https:\/\/netwomening.org\/wp-content\/uploads\/2025\/09\/Dona-50E-haz-crecer-el-cambio-460x230.jpg 460w, https:\/\/netwomening.org\/wp-content\/uploads\/2025\/09\/Dona-50E-haz-crecer-el-cambio-365x183.jpg 365w\" sizes=\"(max-width: 1024px) 100vw, 1024px\" \/>\t\t\t\t\t\t\t\t<\/a>\n\t\t\t\t\t\t\t\t\t\t\t\t\t\t\t<\/div>\n\t\t\t\t<\/div>\n\t\t\t\t\t<\/div>\n\t\t<\/div>\n\t\t\t\t\t<\/div>\n\t\t<\/section>\n\t\t\t\t<section class=\"elementor-section elementor-top-section elementor-element elementor-element-94b67e5 elementor-section-boxed elementor-section-height-default elementor-section-height-default\" data-id=\"94b67e5\" data-element_type=\"section\">\n\t\t\t\t\t\t<div class=\"elementor-container elementor-column-gap-default\">\n\t\t\t\t\t<div class=\"elementor-column elementor-col-50 elementor-top-column elementor-element elementor-element-320413e\" data-id=\"320413e\" data-element_type=\"column\">\n\t\t\t<div class=\"elementor-widget-wrap elementor-element-populated\">\n\t\t\t\t\t\t<div class=\"elementor-element elementor-element-1ba10be elementor-widget elementor-widget-image\" data-id=\"1ba10be\" data-element_type=\"widget\" data-widget_type=\"image.default\">\n\t\t\t\t<div class=\"elementor-widget-container\">\n\t\t\t\t\t\t\t\t\t\t\t\t\t\t\t\t<a href=\"https:\/\/services.tochat.be\/p\/dona20-inspirauncomienzo\/form\/stripe\">\n\t\t\t\t\t\t\t<img decoding=\"async\" width=\"1024\" height=\"512\" src=\"https:\/\/netwomening.org\/wp-content\/uploads\/2025\/09\/Dona-20E-inspira-un-comienzo-1024x512.jpg\" class=\"attachment-large size-large wp-image-9571\" alt=\"\" srcset=\"https:\/\/netwomening.org\/wp-content\/uploads\/2025\/09\/Dona-20E-inspira-un-comienzo-1024x512.jpg 1024w, https:\/\/netwomening.org\/wp-content\/uploads\/2025\/09\/Dona-20E-inspira-un-comienzo-300x150.jpg 300w, https:\/\/netwomening.org\/wp-content\/uploads\/2025\/09\/Dona-20E-inspira-un-comienzo-768x384.jpg 768w, https:\/\/netwomening.org\/wp-content\/uploads\/2025\/09\/Dona-20E-inspira-un-comienzo-1536x768.jpg 1536w, https:\/\/netwomening.org\/wp-content\/uploads\/2025\/09\/Dona-20E-inspira-un-comienzo-2048x1024.jpg 2048w, https:\/\/netwomening.org\/wp-content\/uploads\/2025\/09\/Dona-20E-inspira-un-comienzo-800x400.jpg 800w, https:\/\/netwomening.org\/wp-content\/uploads\/2025\/09\/Dona-20E-inspira-un-comienzo-80x40.jpg 80w, https:\/\/netwomening.org\/wp-content\/uploads\/2025\/09\/Dona-20E-inspira-un-comienzo-360x180.jpg 360w, https:\/\/netwomening.org\/wp-content\/uploads\/2025\/09\/Dona-20E-inspira-un-comienzo-373x187.jpg 373w, https:\/\/netwomening.org\/wp-content\/uploads\/2025\/09\/Dona-20E-inspira-un-comienzo-620x310.jpg 620w, https:\/\/netwomening.org\/wp-content\/uploads\/2025\/09\/Dona-20E-inspira-un-comienzo-460x230.jpg 460w, https:\/\/netwomening.org\/wp-content\/uploads\/2025\/09\/Dona-20E-inspira-un-comienzo-365x183.jpg 365w\" sizes=\"(max-width: 1024px) 100vw, 1024px\" \/>\t\t\t\t\t\t\t\t<\/a>\n\t\t\t\t\t\t\t\t\t\t\t\t\t\t\t<\/div>\n\t\t\t\t<\/div>\n\t\t\t\t\t<\/div>\n\t\t<\/div>\n\t\t\t\t<div class=\"elementor-column elementor-col-50 elementor-top-column elementor-element elementor-element-feaf42e\" data-id=\"feaf42e\" data-element_type=\"column\">\n\t\t\t<div class=\"elementor-widget-wrap elementor-element-populated\">\n\t\t\t\t\t\t<div class=\"elementor-element elementor-element-06d639f elementor-widget elementor-widget-image\" data-id=\"06d639f\" data-element_type=\"widget\" data-widget_type=\"image.default\">\n\t\t\t\t<div class=\"elementor-widget-container\">\n\t\t\t\t\t\t\t\t\t\t\t\t\t\t\t\t<a href=\"https:\/\/services.tochat.be\/whatsapp-business-directory\/510f757b-c7d2-4a3d-b96d-a271c51f9903\">\n\t\t\t\t\t\t\t<img loading=\"lazy\" decoding=\"async\" width=\"13824\" height=\"6912\" src=\"https:\/\/netwomening.org\/wp-content\/uploads\/2026\/01\/Otro-monto-deja-tu-huella.png\" class=\"attachment-full size-full wp-image-9980\" alt=\"\" \/>\t\t\t\t\t\t\t\t<\/a>\n\t\t\t\t\t\t\t\t\t\t\t\t\t\t\t<\/div>\n\t\t\t\t<\/div>\n\t\t\t\t\t<\/div>\n\t\t<\/div>\n\t\t\t\t\t<\/div>\n\t\t<\/section>\n\t\t\t\t<section class=\"elementor-section elementor-top-section elementor-element elementor-element-8e7bd73 elementor-section-boxed elementor-section-height-default elementor-section-height-default\" data-id=\"8e7bd73\" data-element_type=\"section\">\n\t\t\t\t\t\t<div class=\"elementor-container elementor-column-gap-default\">\n\t\t\t\t\t<div class=\"elementor-column elementor-col-100 elementor-top-column elementor-element elementor-element-dbc3cc4\" data-id=\"dbc3cc4\" data-element_type=\"column\">\n\t\t\t<div class=\"elementor-widget-wrap elementor-element-populated\">\n\t\t\t\t\t\t<div class=\"elementor-element elementor-element-525c500 elementor-widget elementor-widget-text-editor\" data-id=\"525c500\" data-element_type=\"widget\" data-widget_type=\"text-editor.default\">\n\t\t\t\t<div class=\"elementor-widget-container\">\n\t\t\t\t\t\t\t\t\t<p>\u062d\u0645\u0627\u06cc\u062a \u0645\u0627\u0644\u06cc \u0627\u0641\u0631\u0627\u062f\u06cc \u0645\u0627\u0646\u0646\u062f \u0634\u0645\u0627 \u0628\u0647 \u0627\u062f\u063a\u0627\u0645 \u0627\u062c\u062a\u0645\u0627\u0639\u06cc \u0648 \u0648\u0631\u0648\u062f \u0628\u0647 \u0628\u0627\u0632\u0627\u0631 \u06a9\u0627\u0631 \u0632\u0646\u0627\u0646 \u0627\u0641\u063a\u0627\u0646 \u062a\u062d\u062a \u062d\u0645\u0627\u06cc\u062a \u0628\u06cc\u0646\u200c\u0627\u0644\u0645\u0644\u0644\u06cc \u062f\u0631 \u06a9\u0634\u0648\u0631 \u0645\u0627 \u06a9\u0645\u06a9 \u0645\u06cc\u200c\u06a9\u0646\u062f.<\/p>\t\t\t\t\t\t\t\t<\/div>\n\t\t\t\t<\/div>\n\t\t\t\t\t<\/div>\n\t\t<\/div>\n\t\t\t\t\t<\/div>\n\t\t<\/section>\n\t\t\t\t<section class=\"elementor-section elementor-top-section elementor-element elementor-element-dcc5b81 elementor-section-height-min-height elementor-section-stretched elementor-section-boxed elementor-section-height-default elementor-section-items-middle\" data-id=\"dcc5b81\" data-element_type=\"section\" data-settings=\"{&quot;stretch_section&quot;:&quot;section-stretched&quot;,&quot;background_background&quot;:&quot;classic&quot;}\">\n\t\t\t\t\t\t\t<div class=\"elementor-background-overlay\"><\/div>\n\t\t\t\t\t\t\t<div class=\"elementor-container elementor-column-gap-default\">\n\t\t\t\t\t<div class=\"elementor-column elementor-col-100 elementor-top-column elementor-element elementor-element-c1b2fd9\" data-id=\"c1b2fd9\" data-element_type=\"column\">\n\t\t\t<div class=\"elementor-widget-wrap\">\n\t\t\t\t\t\t\t<\/div>\n\t\t<\/div>\n\t\t\t\t\t<\/div>\n\t\t<\/section>\n\t\t\t\t<\/div>\n\t\t","protected":false},"excerpt":{"rendered":"<p class=\"tx-excerpt\">\u0645\u0634\u0627\u0631\u06a9\u062a \u0634\u0645\u0627 \u0627\u0645\u06a9\u0627\u0646 \u0627\u062f\u0627\u0645\u0647 \u0641\u0639\u0627\u0644\u06cc\u062a\u200c\u0647\u0627\u06cc \u0645\u0627 \u0631\u0627 \u0641\u0631\u0627\u0647\u0645 \u0645\u06cc\u200c\u06a9\u0646\u062f \u062d\u0645\u0627\u06cc\u062a \u0645\u0627\u0644\u06cc \u0627\u0641\u0631\u0627\u062f\u06cc \u0645\u0627\u0646\u0646\u062f \u0634\u0645\u0627 \u0628\u0647 \u0627\u062f\u063a\u0627\u0645 \u0627\u062c\u062a\u0645\u0627\u0639\u06cc \u0648 \u0648\u0631\u0648\u062f \u0628\u0647 \u0628\u0627\u0632\u0627\u0631 \u06a9\u0627\u0631 \u0632\u0646\u0627\u0646 \u0627\u0641\u063a\u0627\u0646 \u062a\u062d\u062a \u062d\u0645\u0627\u06cc\u062a \u0628\u06cc\u0646\u200c\u0627\u0644\u0645\u0644\u0644\u06cc \u062f\u0631 \u06a9\u0634\u0648\u0631 \u0645\u0627 \u06a9\u0645\u06a9 \u0645\u06cc\u200c\u06a9\u0646\u062f.<\/p>","protected":false},"author":2,"featured_media":0,"parent":0,"menu_order":0,"comment_status":"closed","ping_status":"closed","template":"","meta":{"footnotes":""},"class_list":["post-10287","page","type-page","status-publish","hentry"],"acf":[],"yoast_head":"<!-- This site is optimized with the Yoast SEO plugin v26.7 - https:\/\/yoast.com\/wordpress\/plugins\/seo\/ -->\n<title>\u062d\u0645\u0627\u06cc\u062a \u0645\u0627\u0644\u06cc - NetWomening<\/title>\n<meta name=\"robots\" content=\"index, follow, max-snippet:-1, max-image-preview:large, max-video-preview:-1\" \/>\n<link rel=\"canonical\" href=\"https:\/\/netwomening.org\/fa\/%d8%ad%d9%85%d8%a7%db%8c%d8%aa-%d9%85%d8%a7%d9%84%db%8c\/\" \/>\n<meta property=\"og:locale\" content=\"fa_IR\" \/>\n<meta property=\"og:type\" content=\"article\" \/>\n<meta property=\"og:title\" content=\"\u062d\u0645\u0627\u06cc\u062a \u0645\u0627\u0644\u06cc - NetWomening\" \/>\n<meta property=\"og:description\" content=\"\u0645\u0634\u0627\u0631\u06a9\u062a \u0634\u0645\u0627 \u0627\u0645\u06a9\u0627\u0646 \u0627\u062f\u0627\u0645\u0647 \u0641\u0639\u0627\u0644\u06cc\u062a\u200c\u0647\u0627\u06cc \u0645\u0627 \u0631\u0627 \u0641\u0631\u0627\u0647\u0645 \u0645\u06cc\u200c\u06a9\u0646\u062f \u062d\u0645\u0627\u06cc\u062a \u0645\u0627\u0644\u06cc \u0627\u0641\u0631\u0627\u062f\u06cc \u0645\u0627\u0646\u0646\u062f \u0634\u0645\u0627 \u0628\u0647 \u0627\u062f\u063a\u0627\u0645 \u0627\u062c\u062a\u0645\u0627\u0639\u06cc \u0648 \u0648\u0631\u0648\u062f \u0628\u0647 \u0628\u0627\u0632\u0627\u0631 \u06a9\u0627\u0631 \u0632\u0646\u0627\u0646 \u0627\u0641\u063a\u0627\u0646 \u062a\u062d\u062a \u062d\u0645\u0627\u06cc\u062a \u0628\u06cc\u0646\u200c\u0627\u0644\u0645\u0644\u0644\u06cc \u062f\u0631 \u06a9\u0634\u0648\u0631 \u0645\u0627 \u06a9\u0645\u06a9 \u0645\u06cc\u200c\u06a9\u0646\u062f.\" \/>\n<meta property=\"og:url\" content=\"https:\/\/netwomening.org\/fa\/%d8%ad%d9%85%d8%a7%db%8c%d8%aa-%d9%85%d8%a7%d9%84%db%8c\/\" \/>\n<meta property=\"og:site_name\" content=\"NetWomening\" \/>\n<meta property=\"article:modified_time\" content=\"2026-04-07T14:16:17+00:00\" \/>\n<meta property=\"og:image\" content=\"https:\/\/netwomening.org\/wp-content\/uploads\/2025\/09\/Dona-100E-transforma-vidas-scaled.jpg\" \/>\n\t<meta property=\"og:image:width\" content=\"2560\" \/>\n\t<meta property=\"og:image:height\" content=\"1280\" \/>\n\t<meta property=\"og:image:type\" content=\"image\/jpeg\" \/>\n<meta name=\"twitter:card\" content=\"summary_large_image\" \/>\n<script type=\"application\/ld+json\" class=\"yoast-schema-graph\">{\"@context\":\"https:\/\/schema.org\",\"@graph\":[{\"@type\":\"WebPage\",\"@id\":\"https:\/\/netwomening.org\/fa\/%d8%ad%d9%85%d8%a7%db%8c%d8%aa-%d9%85%d8%a7%d9%84%db%8c\/\",\"url\":\"https:\/\/netwomening.org\/fa\/%d8%ad%d9%85%d8%a7%db%8c%d8%aa-%d9%85%d8%a7%d9%84%db%8c\/\",\"name\":\"\u062d\u0645\u0627\u06cc\u062a \u0645\u0627\u0644\u06cc - NetWomening\",\"isPartOf\":{\"@id\":\"https:\/\/netwomening.org\/fa\/#website\"},\"primaryImageOfPage\":{\"@id\":\"https:\/\/netwomening.org\/fa\/%d8%ad%d9%85%d8%a7%db%8c%d8%aa-%d9%85%d8%a7%d9%84%db%8c\/#primaryimage\"},\"image\":{\"@id\":\"https:\/\/netwomening.org\/fa\/%d8%ad%d9%85%d8%a7%db%8c%d8%aa-%d9%85%d8%a7%d9%84%db%8c\/#primaryimage\"},\"thumbnailUrl\":\"https:\/\/netwomening.org\/wp-content\/uploads\/2025\/09\/Dona-100E-transforma-vidas-1024x512.jpg\",\"datePublished\":\"2026-01-16T11:07:50+00:00\",\"dateModified\":\"2026-04-07T14:16:17+00:00\",\"inLanguage\":\"fa-IR\",\"potentialAction\":[{\"@type\":\"ReadAction\",\"target\":[\"https:\/\/netwomening.org\/fa\/%d8%ad%d9%85%d8%a7%db%8c%d8%aa-%d9%85%d8%a7%d9%84%db%8c\/\"]}]},{\"@type\":\"ImageObject\",\"inLanguage\":\"fa-IR\",\"@id\":\"https:\/\/netwomening.org\/fa\/%d8%ad%d9%85%d8%a7%db%8c%d8%aa-%d9%85%d8%a7%d9%84%db%8c\/#primaryimage\",\"url\":\"https:\/\/netwomening.org\/wp-content\/uploads\/2025\/09\/Dona-100E-transforma-vidas-1024x512.jpg\",\"contentUrl\":\"https:\/\/netwomening.org\/wp-content\/uploads\/2025\/09\/Dona-100E-transforma-vidas-1024x512.jpg\"},{\"@type\":\"WebSite\",\"@id\":\"https:\/\/netwomening.org\/fa\/#website\",\"url\":\"https:\/\/netwomening.org\/fa\/\",\"name\":\"NetWomening\",\"description\":\"Asociaci\u00f3n sin \u00e1nimo de lucro que ayuda a mujeres afganas bajo protecci\u00f3n internacional en Espa\u00f1a a reiniciar su vida tejiendo una red de apoyo\",\"publisher\":{\"@id\":\"https:\/\/netwomening.org\/fa\/#organization\"},\"potentialAction\":[{\"@type\":\"SearchAction\",\"target\":{\"@type\":\"EntryPoint\",\"urlTemplate\":\"https:\/\/netwomening.org\/fa\/?s={search_term_string}\"},\"query-input\":{\"@type\":\"PropertyValueSpecification\",\"valueRequired\":true,\"valueName\":\"search_term_string\"}}],\"inLanguage\":\"fa-IR\"},{\"@type\":\"Organization\",\"@id\":\"https:\/\/netwomening.org\/fa\/#organization\",\"name\":\"NetWomening\",\"url\":\"https:\/\/netwomening.org\/fa\/\",\"logo\":{\"@type\":\"ImageObject\",\"inLanguage\":\"fa-IR\",\"@id\":\"https:\/\/netwomening.org\/fa\/#\/schema\/logo\/image\/\",\"url\":\"https:\/\/netwomening.org\/wp-content\/uploads\/2023\/08\/Logo_Netwomering-02.svg\",\"contentUrl\":\"https:\/\/netwomening.org\/wp-content\/uploads\/2023\/08\/Logo_Netwomering-02.svg\",\"width\":156,\"height\":17,\"caption\":\"NetWomening\"},\"image\":{\"@id\":\"https:\/\/netwomening.org\/fa\/#\/schema\/logo\/image\/\"}}]}<\/script>\n<!-- \/ Yoast SEO plugin. -->","yoast_head_json":{"title":"\u062d\u0645\u0627\u06cc\u062a \u0645\u0627\u0644\u06cc - NetWomening","robots":{"index":"index","follow":"follow","max-snippet":"max-snippet:-1","max-image-preview":"max-image-preview:large","max-video-preview":"max-video-preview:-1"},"canonical":"https:\/\/netwomening.org\/fa\/%d8%ad%d9%85%d8%a7%db%8c%d8%aa-%d9%85%d8%a7%d9%84%db%8c\/","og_locale":"fa_IR","og_type":"article","og_title":"\u062d\u0645\u0627\u06cc\u062a \u0645\u0627\u0644\u06cc - NetWomening","og_description":"\u0645\u0634\u0627\u0631\u06a9\u062a \u0634\u0645\u0627 \u0627\u0645\u06a9\u0627\u0646 \u0627\u062f\u0627\u0645\u0647 \u0641\u0639\u0627\u0644\u06cc\u062a\u200c\u0647\u0627\u06cc \u0645\u0627 \u0631\u0627 \u0641\u0631\u0627\u0647\u0645 \u0645\u06cc\u200c\u06a9\u0646\u062f \u062d\u0645\u0627\u06cc\u062a \u0645\u0627\u0644\u06cc \u0627\u0641\u0631\u0627\u062f\u06cc \u0645\u0627\u0646\u0646\u062f \u0634\u0645\u0627 \u0628\u0647 \u0627\u062f\u063a\u0627\u0645 \u0627\u062c\u062a\u0645\u0627\u0639\u06cc \u0648 \u0648\u0631\u0648\u062f \u0628\u0647 \u0628\u0627\u0632\u0627\u0631 \u06a9\u0627\u0631 \u0632\u0646\u0627\u0646 \u0627\u0641\u063a\u0627\u0646 \u062a\u062d\u062a \u062d\u0645\u0627\u06cc\u062a \u0628\u06cc\u0646\u200c\u0627\u0644\u0645\u0644\u0644\u06cc \u062f\u0631 \u06a9\u0634\u0648\u0631 \u0645\u0627 \u06a9\u0645\u06a9 \u0645\u06cc\u200c\u06a9\u0646\u062f.","og_url":"https:\/\/netwomening.org\/fa\/%d8%ad%d9%85%d8%a7%db%8c%d8%aa-%d9%85%d8%a7%d9%84%db%8c\/","og_site_name":"NetWomening","article_modified_time":"2026-04-07T14:16:17+00:00","og_image":[{"width":2560,"height":1280,"url":"https:\/\/netwomening.org\/wp-content\/uploads\/2025\/09\/Dona-100E-transforma-vidas-scaled.jpg","type":"image\/jpeg"}],"twitter_card":"summary_large_image","schema":{"@context":"https:\/\/schema.org","@graph":[{"@type":"WebPage","@id":"https:\/\/netwomening.org\/fa\/%d8%ad%d9%85%d8%a7%db%8c%d8%aa-%d9%85%d8%a7%d9%84%db%8c\/","url":"https:\/\/netwomening.org\/fa\/%d8%ad%d9%85%d8%a7%db%8c%d8%aa-%d9%85%d8%a7%d9%84%db%8c\/","name":"\u062d\u0645\u0627\u06cc\u062a \u0645\u0627\u0644\u06cc - NetWomening","isPartOf":{"@id":"https:\/\/netwomening.org\/fa\/#website"},"primaryImageOfPage":{"@id":"https:\/\/netwomening.org\/fa\/%d8%ad%d9%85%d8%a7%db%8c%d8%aa-%d9%85%d8%a7%d9%84%db%8c\/#primaryimage"},"image":{"@id":"https:\/\/netwomening.org\/fa\/%d8%ad%d9%85%d8%a7%db%8c%d8%aa-%d9%85%d8%a7%d9%84%db%8c\/#primaryimage"},"thumbnailUrl":"https:\/\/netwomening.org\/wp-content\/uploads\/2025\/09\/Dona-100E-transforma-vidas-1024x512.jpg","datePublished":"2026-01-16T11:07:50+00:00","dateModified":"2026-04-07T14:16:17+00:00","inLanguage":"fa-IR","potentialAction":[{"@type":"ReadAction","target":["https:\/\/netwomening.org\/fa\/%d8%ad%d9%85%d8%a7%db%8c%d8%aa-%d9%85%d8%a7%d9%84%db%8c\/"]}]},{"@type":"ImageObject","inLanguage":"fa-IR","@id":"https:\/\/netwomening.org\/fa\/%d8%ad%d9%85%d8%a7%db%8c%d8%aa-%d9%85%d8%a7%d9%84%db%8c\/#primaryimage","url":"https:\/\/netwomening.org\/wp-content\/uploads\/2025\/09\/Dona-100E-transforma-vidas-1024x512.jpg","contentUrl":"https:\/\/netwomening.org\/wp-content\/uploads\/2025\/09\/Dona-100E-transforma-vidas-1024x512.jpg"},{"@type":"WebSite","@id":"https:\/\/netwomening.org\/fa\/#website","url":"https:\/\/netwomening.org\/fa\/","name":"NetWomening","description":"Asociaci\u00f3n sin \u00e1nimo de lucro que ayuda a mujeres afganas bajo protecci\u00f3n internacional en Espa\u00f1a a reiniciar su vida tejiendo una red de apoyo","publisher":{"@id":"https:\/\/netwomening.org\/fa\/#organization"},"potentialAction":[{"@type":"SearchAction","target":{"@type":"EntryPoint","urlTemplate":"https:\/\/netwomening.org\/fa\/?s={search_term_string}"},"query-input":{"@type":"PropertyValueSpecification","valueRequired":true,"valueName":"search_term_string"}}],"inLanguage":"fa-IR"},{"@type":"Organization","@id":"https:\/\/netwomening.org\/fa\/#organization","name":"NetWomening","url":"https:\/\/netwomening.org\/fa\/","logo":{"@type":"ImageObject","inLanguage":"fa-IR","@id":"https:\/\/netwomening.org\/fa\/#\/schema\/logo\/image\/","url":"https:\/\/netwomening.org\/wp-content\/uploads\/2023\/08\/Logo_Netwomering-02.svg","contentUrl":"https:\/\/netwomening.org\/wp-content\/uploads\/2023\/08\/Logo_Netwomering-02.svg","width":156,"height":17,"caption":"NetWomening"},"image":{"@id":"https:\/\/netwomening.org\/fa\/#\/schema\/logo\/image\/"}}]}},"jetpack_sharing_enabled":true,"_links":{"self":[{"href":"https:\/\/netwomening.org\/fa\/wp-json\/wp\/v2\/pages\/10287","targetHints":{"allow":["GET"]}}],"collection":[{"href":"https:\/\/netwomening.org\/fa\/wp-json\/wp\/v2\/pages"}],"about":[{"href":"https:\/\/netwomening.org\/fa\/wp-json\/wp\/v2\/types\/page"}],"author":[{"embeddable":true,"href":"https:\/\/netwomening.org\/fa\/wp-json\/wp\/v2\/users\/2"}],"replies":[{"embeddable":true,"href":"https:\/\/netwomening.org\/fa\/wp-json\/wp\/v2\/comments?post=10287"}],"version-history":[{"count":1,"href":"https:\/\/netwomening.org\/fa\/wp-json\/wp\/v2\/pages\/10287\/revisions"}],"predecessor-version":[{"id":10288,"href":"https:\/\/netwomening.org\/fa\/wp-json\/wp\/v2\/pages\/10287\/revisions\/10288"}],"wp:attachment":[{"href":"https:\/\/netwomening.org\/fa\/wp-json\/wp\/v2\/media?parent=10287"}],"curies":[{"name":"wp","href":"https:\/\/api.w.org\/{rel}","templated":true}]}}