{"id":5075,"date":"2023-08-28T06:27:58","date_gmt":"2023-08-28T06:27:58","guid":{"rendered":"http:\/\/netwomening.com.5-175-45-53.panelninsoft.es\/privacy-policy\/"},"modified":"2023-08-29T06:15:01","modified_gmt":"2023-08-29T06:15:01","slug":"privacy-policy","status":"publish","type":"page","link":"https:\/\/netwomening.org\/en\/privacy-policy\/","title":{"rendered":"Privacy Policy"},"content":{"rendered":"\t\t<div data-elementor-type=\"wp-page\" data-elementor-id=\"5075\" class=\"elementor elementor-5075 elementor-4471\" data-elementor-post-type=\"page\">\n\t\t\t\t\t\t<section class=\"elementor-section elementor-top-section elementor-element elementor-element-2414cd1 elementor-section-boxed elementor-section-height-default elementor-section-height-default\" data-id=\"2414cd1\" data-element_type=\"section\">\n\t\t\t\t\t\t<div class=\"elementor-container elementor-column-gap-default\">\n\t\t\t\t\t<div class=\"elementor-column elementor-col-100 elementor-top-column elementor-element elementor-element-5c3ee17\" data-id=\"5c3ee17\" data-element_type=\"column\">\n\t\t\t<div class=\"elementor-widget-wrap elementor-element-populated\">\n\t\t\t\t\t\t<div class=\"elementor-element elementor-element-4c6578e elementor-widget elementor-widget-text-editor\" data-id=\"4c6578e\" data-element_type=\"widget\" data-widget_type=\"text-editor.default\">\n\t\t\t\t<div class=\"elementor-widget-container\">\n\t\t\t\t\t\t\t\t\t<h1 class=\"wp-block-heading\">Privacy Policy<\/h1>\n<p>Estas normas rigen para todas las p\u00e1ginas que alberga Netwomening (en adelante NWM). Para saber c\u00f3mo se procede con los datos personales, te rogamos leas la siguiente pol\u00edtica de privacidad que aconsejamos consultar con regularidad, dado que puede ser actualizada.<\/p>\n<p>El visitante se hace responsable y garantiza que los datos personales que facilita a NWM son veraces y cuenta, cuando proceda, con la debida autorizaci\u00f3n para ello del titular de los mismos.<\/p>\n<p>NWM tratar\u00e1 los datos de car\u00e1cter personal vinculados a sus espacios webs respetando las exigencias de la legislaci\u00f3n vigente, resaltando:<\/p>\n<h1 class=\"wp-block-heading\"><strong>\u00bfQui\u00e9n es el responsable del tratamiento de tus datos personales?<\/strong><\/h1>\n<p>NETWOMENING, con CIF G72830987, domicilio en <strong>C\/ Ferraz 94 \u2013 2\u00ba dcha, 28008 de Madrid<\/strong> y direcci\u00f3n de correo electr\u00f3nico netwomening@netwomening.org<\/p>\n<h1 class=\"wp-block-heading\"><strong>\u00bfCon qu\u00e9 finalidad tratamos tus datos personales?<\/strong><\/h1>\n<p>Los datos que le son facilitados a NWM por los interesados por las diferentes v\u00edas (p\u00e1gina web, correo electr\u00f3nico, formularios electr\u00f3nicos o formularios y documentos en papel) dentro de su actividad, son tratados con las siguientes finalidades:<\/p>\n<ul>\n<li>Para poder prestarte nuestros servicios, como beneficiario de los mismos, y poder gestionar su desempe\u00f1o. Utilizaremos los datos que nos hayas proporcionado para poder gestionar la prestaci\u00f3n del servicio solicitado.<\/li>\n<li>Gestionar y tramitar cualquier tipo de solicitud de informaci\u00f3n, incluidas aquellas dirigidas a hacerse socio, voluntario o donante, as\u00ed como para su gesti\u00f3n y resoluci\u00f3n.<\/li>\n<li>Para registrar, gestionar y controlar la colaboraci\u00f3n de los asociados, as\u00ed como las actividades de voluntariado y de personas f\u00edsicas y jur\u00eddicas que colaboran con nuestra Instituci\u00f3n.<\/li>\n<li>Para mantenerte informado de las actividades y acciones de NWM mediante el env\u00edo de Newsletters o boletines informativos por cualquier medio (sms, tel\u00e9fono, e-mail, correo postal) relacionadas con las actividades y acciones sociales que realizamos cuando as\u00ed lo hayas solicitado expresamente.<\/li>\n<li>Controlar y gestionar las aplicaciones y herramientas desarrolladas por NWM, las cuales son necesarias para el desarrollo y gesti\u00f3n de las actividades sociales llevadas a cabo por nuestra Instituci\u00f3n.<\/li>\n<li>Procesos de selecci\u00f3n de personal para un puesto de trabajo.<\/li>\n<li>Para las finalidades inherentes a la formalizaci\u00f3n, mantenimiento y gesti\u00f3n de las vicisitudes de la relaci\u00f3n laboral con nuestros empleados.<\/li>\n<\/ul>\n<h1 class=\"wp-block-heading\"><strong>\u00bfCu\u00e1nto tiempo conservamos tus datos?<\/strong><\/h1>\n<p>En el caso de los Proveedores, Clientes, Socios, Voluntarios, Colaboradores y Personal, conservamos tus datos mientras dure tu relaci\u00f3n contractual con nosotros y, posteriormente, durante el per\u00edodo legal obligatorio.<\/p>\n<p>Si eres beneficiario de alguno de nuestros proyectos, la conservaci\u00f3n de tus datos estar\u00e1 limitada al alcance y duraci\u00f3n de la prestaci\u00f3n y, posteriormente, durante los per\u00edodos que nos obligue la legislaci\u00f3n aplicable, as\u00ed como las entidades financiadoras de nuestros proyectos para justificar las ayudas recibidas.<\/p>\n<p>En el caso de que los datos suministrados est\u00e9n asociados a una compra o donaci\u00f3n, la legislaci\u00f3n Espa\u00f1ola nos obliga a mantenerlos al menos durante cinco a\u00f1os.<\/p>\n<h1 class=\"wp-block-heading\"><strong>\u00bfPor qu\u00e9 utilizamos tus datos personales?<\/strong><\/h1>\n<p>Tus datos personales son tratados por NWM sobre las siguientes bases legales:<\/p>\n<ul>\n<li>Tu consentimiento o bien hayan sido suministrados voluntariamente por ti por cualquier medio. En este sentido, la inclusi\u00f3n de datos personales en ficheros es absolutamente voluntaria y su recogida est\u00e1 debidamente anunciada.<\/li>\n<li>El mantenimiento, desarrollo y ejecuci\u00f3n de una relaci\u00f3n contractual que mantengamos contigo, en el caso de: (i) prestaci\u00f3n de servicios; (ii) relaci\u00f3n laboral, mercantil, administrativo, entre otros.<\/li>\n<li>La gesti\u00f3n, coordinaci\u00f3n y control de nuestros: (i) voluntarios, (ii) socios; (iii) Donantes (iv) y de todas las personas que mantienen una relaci\u00f3n directa o indirecta con NWM a trav\u00e9s de nuestros proyectos solidarios.<\/li>\n<li>El desarrollo, gesti\u00f3n y ejecuci\u00f3n de las acciones solidarias y de ayuda a los colectivos m\u00e1s desfavorecidos que llevamos a cabo.<\/li>\n<li>Por inter\u00e9s leg\u00edtimo de NWM, respetando siempre tu derecho a la protecci\u00f3n de datos personales, al honor y a la intimidad, para el desarrollo y difusi\u00f3n de nuestras actividades humanitarias y sociales.<\/li>\n<li>Cuando tratemos tus datos para que te puedas beneficiar de las acciones llevadas a cabo por NWM, la base legitimadora del tratamiento ser\u00e1 el consentimiento que previamente nos habr\u00e1s otorgado.<\/li>\n<li>Cuando tratemos tus datos como colaborador de NWM, como asociado, voluntario o cualquier otro t\u00edtulo, la base legitimadora del tratamiento ser\u00e1 el consentimiento que nos habr\u00e1s otorgado o, en su caso, el cumplimiento de un contrato suscrito por ambas partes.<\/li>\n<li>Cuando tratemos tus datos para gestionar las solicitudes de informaci\u00f3n o sugerencias, la base legitimadora de este tratamiento ser\u00e1 el inter\u00e9s leg\u00edtimo de NWM en poder dar respuesta a dichas solicitudes y dar las mismas por satisfechas.<\/li>\n<li>Cuando tratemos tus datos de contacto para el env\u00edo de Newsletters o boletines informativos la base legitimadora del tratamiento ser\u00e1 el consentimiento que previamente nos habr\u00e1s otorgado. Este consentimiento lo podr\u00e1s retirar en cualquier momento. El inter\u00e9s leg\u00edtimo de NWM ser\u00e1 poder mantenerte informado\/a sobre servicios similares a los que tienes contratados con nosotros.<\/li>\n<li>Cuando tratemos tus datos para la gesti\u00f3n de selecci\u00f3n de personal, la base legitimadora ser\u00e1 la aplicaci\u00f3n de medidas precontractuales.<\/li>\n<\/ul>\n<h1 class=\"wp-block-heading\"><strong> \u00bfA qui\u00e9nes comunicaremos tus datos?<\/strong><\/h1>\n<p>Tus datos ser\u00e1n conservados bajo estrictas medidas de seguridad que garanticen la confidencialidad y la seguridad de los mismos. Del mismo modo, s\u00f3lo ser\u00e1n cedidos a las entidades y para las finalidades siguientes:<\/p>\n<ul>\n<li>Entidades y proveedores que prestan servicios a NWM para la correcta ejecuci\u00f3n de nuestras actividades y proyectos. Dichas entidades y proveedores se encuentran debidamente acreditados y firman con nosotros el correspondiente contrato de tratamiento de datos en cumplimiento de la normativa de protecci\u00f3n de datos vigente. Por ponerte ejemplos de los servicios que nos prestan y que pueden implicar el tratamiento de tus datos personales por cuenta de NWM, podemos citarte, a t\u00edtulo enunciativo y no limitativo: servicios profesionales multidisciplinares, log\u00edstica, asesoramiento jur\u00eddico, servicios tecnol\u00f3gicos, inform\u00e1ticos, mensajer\u00eda y reparto, mantenimiento, publicidad y marketing, call center, entidades financieras para domiciliaciones bancarias, etc\u2026<\/li>\n<li>Entidades p\u00fablicas y privadas que colaboran con nosotros, para el control y seguimiento de los proyectos para los que nos otorgan su financiaci\u00f3n.<\/li>\n<li>Administraciones y organismos p\u00fablicos correspondientes para cumplimiento de las normativas vigentes o por imperativo legal, as\u00ed como a las Fuerzas y Cuerpos de Seguridad del Estado, Polic\u00eda Local o Auton\u00f3mica en los casos de asistencia a v\u00edctimas de violencia de g\u00e9nero.<\/li>\n<li>A los servicios de emergencia, servicios sociales, sanitarios o asistenciales, con la finalidad de atender correctamente a los usuarios.<\/li>\n<\/ul>\n<p>S\u00f3lo en los casos en que la cesi\u00f3n de los datos venga impuesta por ley o fuera necesaria para hacer frente a una situaci\u00f3n de emergencia que exija la cooperaci\u00f3n de personas o entidades distintas de las mencionadas anteriormente, tus datos podr\u00e1n ser cedidos a terceros en la medida en que resulte necesaria para cumplir la legislaci\u00f3n vigente o para hacer frente a la situaci\u00f3n de emergencia planteada.<\/p>\n<h1 class=\"wp-block-heading\"><strong>\u00bfCu\u00e1les son tus derechos?<\/strong><\/h1>\n<p>Toda persona tiene derecho a conocer si NWM realiza tratamientos de sus datos personales. Tambi\u00e9n tienes derecho a:<\/p>\n<ul>\n<li>Acceder a tus datos personales.<\/li>\n<li>Solicitar la rectificaci\u00f3n de los datos inexactos.<\/li>\n<li>Solicitar su supresi\u00f3n cuando, entre otros motivos, los datos ya no sean necesarios para los fines que fueron recogidos.<\/li>\n<li>Oponerte al tratamiento de tus datos, por motivos relacionados con tu situaci\u00f3n particular, solicitando que no sean tratados por NWM.<\/li>\n<li>En determinadas circunstancias, podr\u00e1s solicitar la limitaci\u00f3n del tratamiento de tus datos, en cuyo caso \u00fanicamente los conservaremos para el ejercicio o la defensa de reclamaciones.<\/li>\n<li>Retirar, siempre que quieras, el consentimiento prestado, sin que ello afecte a la licitud del tratamiento que hayamos realizado con anterioridad a dicha retirada.<\/li>\n<\/ul>\n<p>Cuando ejercites tus derechos de supresi\u00f3n, oposici\u00f3n, limitaci\u00f3n o nos retires tu consentimiento, NWM dejar\u00e1 de tratar tus datos, salvo por motivos leg\u00edtimos imperiosos o el ejercicio o la defensa de posibles reclamaciones.<\/p>\n<p>Todos estos derechos podr\u00e1s ejercitarlos, dirigi\u00e9ndote a nosotros a trav\u00e9s de correo electr\u00f3nico a la siguiente direcci\u00f3n: <a href=\"mailto:dpo@netwomening.org\">dpo@netwomening.org<\/a>.<\/p>\n<p>Recuerda siempre que ejercites alguno de los derechos que te hemos expuesto, acompa\u00f1ar a tu solicitud una copia de tu DNI o documento equivalente que nos permita comprobar tu identidad.<\/p>\n<p>Asimismo, si no est\u00e1s conforme con c\u00f3mo hemos atendido tus derechos, podr\u00e1s presentar una reclamaci\u00f3n ante la autoridad competente de protecci\u00f3n de datos o en todo caso ante la Agencia Espa\u00f1ola de Protecci\u00f3n de Datos.<\/p>\n<h1 class=\"wp-block-heading\"><strong>\u00bfQu\u00e9 puedes hacer si no quieres recibir Comunicaciones comerciales?<\/strong><\/h1>\n<p>De conformidad con la Ley 34\/2002 de 11 de julio de Servicios de la Sociedad de la Informaci\u00f3n y del Comercio Electr\u00f3nico (LSSI) podr\u00e1s darte de baja de cualquiera de nuestros servicios de suscripci\u00f3n, as\u00ed como manifestar tu oposici\u00f3n a recibir informaciones publicitarias, enviando la palabra BAJA a la direcci\u00f3n de email dpo@netwomening.org.<\/p>\n<h1 class=\"wp-block-heading\"><strong>\u00bfY qu\u00e9 pasa si soy menor?<\/strong><\/h1>\n<p>Si tienes menos de 14 a\u00f1os y deseas ser socio o participar en nuestras redes sociales, tus padres o tu tutor legal tienen que darnos su permiso para darte de alta como usuario, por lo que tienes que pedirles que rellenen con sus datos personales y firmen los formularios correspondientes, contenidos en los sitios Webs de la Instituci\u00f3n. Una vez firmados, puedes envi\u00e1rnoslos a dpo@netwomening.org, adjuntando al correo electr\u00f3nico el documento que contiene el formulario firmado por tus padres o tutor legal.<\/p>\n<p>Igualmente, si alg\u00fan registro revelase que eres menor de edad, NWM, por medio de correo electr\u00f3nico, notificar\u00e1 a tus padres o tutor legal el contenido de la informaci\u00f3n recibida y recabar\u00e1 su consentimiento para la recogida y tratamiento de tus datos personales. En cualquier momento, tus padres o el tutor legal podr\u00e1n revisar, cancelar o denegar la recogida de tus datos personales, dirigi\u00e9ndose a NWM en la direcci\u00f3n dpo@netwomening.org.<\/p>\n\t\t\t\t\t\t\t\t<\/div>\n\t\t\t\t<\/div>\n\t\t\t\t\t<\/div>\n\t\t<\/div>\n\t\t\t\t\t<\/div>\n\t\t<\/section>\n\t\t\t\t<\/div>\n\t\t","protected":false},"excerpt":{"rendered":"<p class=\"tx-excerpt\">Privacy Policy Estas normas rigen para todas las p\u00e1ginas que alberga Netwomening (en adelante NWM). Para saber c\u00f3mo se procede con los datos personales, te rogamos leas la siguiente pol\u00edtica de privacidad que","protected":false},"author":1,"featured_media":0,"parent":0,"menu_order":0,"comment_status":"closed","ping_status":"closed","template":"","meta":{"footnotes":""},"class_list":["post-5075","page","type-page","status-publish","hentry"],"acf":[],"yoast_head":"<!-- This site is optimized with the Yoast SEO plugin v26.7 - https:\/\/yoast.com\/wordpress\/plugins\/seo\/ -->\n<title>Privacy Policy - NetWomening<\/title>\n<meta name=\"robots\" content=\"index, follow, max-snippet:-1, max-image-preview:large, max-video-preview:-1\" \/>\n<link rel=\"canonical\" href=\"https:\/\/netwomening.org\/en\/privacy-policy\/\" \/>\n<meta property=\"og:locale\" content=\"en_US\" \/>\n<meta property=\"og:type\" content=\"article\" \/>\n<meta property=\"og:title\" content=\"Privacy Policy - NetWomening\" \/>\n<meta property=\"og:description\" content=\"Privacy Policy Estas normas rigen para todas las p\u00e1ginas que alberga Netwomening (en adelante NWM). Para saber c\u00f3mo se procede con los datos personales, te rogamos leas la siguiente pol\u00edtica de privacidad que aconsejamos consultar con regularidad, dado que puede ser actualizada. El visitante se hace responsable y garantiza que los datos personales que facilita [&hellip;]\" \/>\n<meta property=\"og:url\" content=\"https:\/\/netwomening.org\/en\/privacy-policy\/\" \/>\n<meta property=\"og:site_name\" content=\"NetWomening\" \/>\n<meta property=\"article:modified_time\" content=\"2023-08-29T06:15:01+00:00\" \/>\n<meta name=\"twitter:card\" content=\"summary_large_image\" \/>\n<meta name=\"twitter:label1\" content=\"Est. reading time\" \/>\n\t<meta name=\"twitter:data1\" content=\"8 minutes\" \/>\n<script type=\"application\/ld+json\" class=\"yoast-schema-graph\">{\"@context\":\"https:\/\/schema.org\",\"@graph\":[{\"@type\":\"WebPage\",\"@id\":\"https:\/\/netwomening.org\/en\/privacy-policy\/\",\"url\":\"https:\/\/netwomening.org\/en\/privacy-policy\/\",\"name\":\"Privacy Policy - NetWomening\",\"isPartOf\":{\"@id\":\"https:\/\/netwomening.org\/en\/#website\"},\"datePublished\":\"2023-08-28T06:27:58+00:00\",\"dateModified\":\"2023-08-29T06:15:01+00:00\",\"inLanguage\":\"en-US\",\"potentialAction\":[{\"@type\":\"ReadAction\",\"target\":[\"https:\/\/netwomening.org\/en\/privacy-policy\/\"]}]},{\"@type\":\"WebSite\",\"@id\":\"https:\/\/netwomening.org\/en\/#website\",\"url\":\"https:\/\/netwomening.org\/en\/\",\"name\":\"NetWomening\",\"description\":\"Asociaci\u00f3n sin \u00e1nimo de lucro que ayuda a mujeres afganas bajo protecci\u00f3n internacional en Espa\u00f1a a reiniciar su vida tejiendo una red de apoyo\",\"publisher\":{\"@id\":\"https:\/\/netwomening.org\/en\/#organization\"},\"potentialAction\":[{\"@type\":\"SearchAction\",\"target\":{\"@type\":\"EntryPoint\",\"urlTemplate\":\"https:\/\/netwomening.org\/en\/?s={search_term_string}\"},\"query-input\":{\"@type\":\"PropertyValueSpecification\",\"valueRequired\":true,\"valueName\":\"search_term_string\"}}],\"inLanguage\":\"en-US\"},{\"@type\":\"Organization\",\"@id\":\"https:\/\/netwomening.org\/en\/#organization\",\"name\":\"NetWomening\",\"url\":\"https:\/\/netwomening.org\/en\/\",\"logo\":{\"@type\":\"ImageObject\",\"inLanguage\":\"en-US\",\"@id\":\"https:\/\/netwomening.org\/en\/#\/schema\/logo\/image\/\",\"url\":\"https:\/\/netwomening.org\/wp-content\/uploads\/2023\/08\/Logo_Netwomering-02.svg\",\"contentUrl\":\"https:\/\/netwomening.org\/wp-content\/uploads\/2023\/08\/Logo_Netwomering-02.svg\",\"width\":156,\"height\":17,\"caption\":\"NetWomening\"},\"image\":{\"@id\":\"https:\/\/netwomening.org\/en\/#\/schema\/logo\/image\/\"}}]}<\/script>\n<!-- \/ Yoast SEO plugin. -->","yoast_head_json":{"title":"Privacy Policy - NetWomening","robots":{"index":"index","follow":"follow","max-snippet":"max-snippet:-1","max-image-preview":"max-image-preview:large","max-video-preview":"max-video-preview:-1"},"canonical":"https:\/\/netwomening.org\/en\/privacy-policy\/","og_locale":"en_US","og_type":"article","og_title":"Privacy Policy - NetWomening","og_description":"Privacy Policy Estas normas rigen para todas las p\u00e1ginas que alberga Netwomening (en adelante NWM). Para saber c\u00f3mo se procede con los datos personales, te rogamos leas la siguiente pol\u00edtica de privacidad que aconsejamos consultar con regularidad, dado que puede ser actualizada. El visitante se hace responsable y garantiza que los datos personales que facilita [&hellip;]","og_url":"https:\/\/netwomening.org\/en\/privacy-policy\/","og_site_name":"NetWomening","article_modified_time":"2023-08-29T06:15:01+00:00","twitter_card":"summary_large_image","twitter_misc":{"Est. reading time":"8 minutes"},"schema":{"@context":"https:\/\/schema.org","@graph":[{"@type":"WebPage","@id":"https:\/\/netwomening.org\/en\/privacy-policy\/","url":"https:\/\/netwomening.org\/en\/privacy-policy\/","name":"Privacy Policy - NetWomening","isPartOf":{"@id":"https:\/\/netwomening.org\/en\/#website"},"datePublished":"2023-08-28T06:27:58+00:00","dateModified":"2023-08-29T06:15:01+00:00","inLanguage":"en-US","potentialAction":[{"@type":"ReadAction","target":["https:\/\/netwomening.org\/en\/privacy-policy\/"]}]},{"@type":"WebSite","@id":"https:\/\/netwomening.org\/en\/#website","url":"https:\/\/netwomening.org\/en\/","name":"NetWomening","description":"Asociaci\u00f3n sin \u00e1nimo de lucro que ayuda a mujeres afganas bajo protecci\u00f3n internacional en Espa\u00f1a a reiniciar su vida tejiendo una red de apoyo","publisher":{"@id":"https:\/\/netwomening.org\/en\/#organization"},"potentialAction":[{"@type":"SearchAction","target":{"@type":"EntryPoint","urlTemplate":"https:\/\/netwomening.org\/en\/?s={search_term_string}"},"query-input":{"@type":"PropertyValueSpecification","valueRequired":true,"valueName":"search_term_string"}}],"inLanguage":"en-US"},{"@type":"Organization","@id":"https:\/\/netwomening.org\/en\/#organization","name":"NetWomening","url":"https:\/\/netwomening.org\/en\/","logo":{"@type":"ImageObject","inLanguage":"en-US","@id":"https:\/\/netwomening.org\/en\/#\/schema\/logo\/image\/","url":"https:\/\/netwomening.org\/wp-content\/uploads\/2023\/08\/Logo_Netwomering-02.svg","contentUrl":"https:\/\/netwomening.org\/wp-content\/uploads\/2023\/08\/Logo_Netwomering-02.svg","width":156,"height":17,"caption":"NetWomening"},"image":{"@id":"https:\/\/netwomening.org\/en\/#\/schema\/logo\/image\/"}}]}},"jetpack_sharing_enabled":true,"_links":{"self":[{"href":"https:\/\/netwomening.org\/en\/wp-json\/wp\/v2\/pages\/5075","targetHints":{"allow":["GET"]}}],"collection":[{"href":"https:\/\/netwomening.org\/en\/wp-json\/wp\/v2\/pages"}],"about":[{"href":"https:\/\/netwomening.org\/en\/wp-json\/wp\/v2\/types\/page"}],"author":[{"embeddable":true,"href":"https:\/\/netwomening.org\/en\/wp-json\/wp\/v2\/users\/1"}],"replies":[{"embeddable":true,"href":"https:\/\/netwomening.org\/en\/wp-json\/wp\/v2\/comments?post=5075"}],"version-history":[{"count":1,"href":"https:\/\/netwomening.org\/en\/wp-json\/wp\/v2\/pages\/5075\/revisions"}],"predecessor-version":[{"id":5076,"href":"https:\/\/netwomening.org\/en\/wp-json\/wp\/v2\/pages\/5075\/revisions\/5076"}],"wp:attachment":[{"href":"https:\/\/netwomening.org\/en\/wp-json\/wp\/v2\/media?parent=5075"}],"curies":[{"name":"wp","href":"https:\/\/api.w.org\/{rel}","templated":true}]}}