{"id":5069,"date":"2023-08-28T06:26:02","date_gmt":"2023-08-28T06:26:02","guid":{"rendered":"http:\/\/netwomening.com.5-175-45-53.panelninsoft.es\/aviso-legal\/"},"modified":"2026-03-25T18:38:47","modified_gmt":"2026-03-25T17:38:47","slug":"aviso-legal","status":"publish","type":"page","link":"https:\/\/netwomening.org\/en\/aviso-legal\/","title":{"rendered":"Legal notice"},"content":{"rendered":"","protected":false},"excerpt":{"rendered":"<p class=\"tx-excerpt\"><\/p>","protected":false},"author":1,"featured_media":0,"parent":0,"menu_order":0,"comment_status":"closed","ping_status":"closed","template":"","meta":{"footnotes":""},"class_list":["post-5069","page","type-page","status-publish","hentry"],"acf":[],"yoast_head":"<!-- This site is optimized with the Yoast SEO plugin v26.7 - https:\/\/yoast.com\/wordpress\/plugins\/seo\/ -->\n<title>Legal notice - NetWomening<\/title>\n<meta name=\"robots\" content=\"index, follow, max-snippet:-1, max-image-preview:large, max-video-preview:-1\" \/>\n<link rel=\"canonical\" href=\"https:\/\/netwomening.org\/en\/aviso-legal\/\" \/>\n<meta property=\"og:locale\" content=\"en_US\" \/>\n<meta property=\"og:type\" content=\"article\" \/>\n<meta property=\"og:title\" content=\"Legal notice - NetWomening\" \/>\n<meta property=\"og:url\" content=\"https:\/\/netwomening.org\/en\/aviso-legal\/\" \/>\n<meta property=\"og:site_name\" content=\"NetWomening\" \/>\n<meta property=\"article:modified_time\" content=\"2026-03-25T17:38:47+00:00\" \/>\n<meta name=\"twitter:card\" content=\"summary_large_image\" \/>\n<script type=\"application\/ld+json\" class=\"yoast-schema-graph\">{\"@context\":\"https:\/\/schema.org\",\"@graph\":[{\"@type\":\"WebPage\",\"@id\":\"https:\/\/netwomening.org\/en\/aviso-legal\/\",\"url\":\"https:\/\/netwomening.org\/en\/aviso-legal\/\",\"name\":\"Legal notice - NetWomening\",\"isPartOf\":{\"@id\":\"https:\/\/netwomening.org\/en\/#website\"},\"datePublished\":\"2023-08-28T06:26:02+00:00\",\"dateModified\":\"2026-03-25T17:38:47+00:00\",\"inLanguage\":\"en-US\",\"potentialAction\":[{\"@type\":\"ReadAction\",\"target\":[\"https:\/\/netwomening.org\/en\/aviso-legal\/\"]}]},{\"@type\":\"WebSite\",\"@id\":\"https:\/\/netwomening.org\/en\/#website\",\"url\":\"https:\/\/netwomening.org\/en\/\",\"name\":\"NetWomening\",\"description\":\"Asociaci\u00f3n sin \u00e1nimo de lucro que ayuda a mujeres afganas bajo protecci\u00f3n internacional en Espa\u00f1a a reiniciar su vida tejiendo una red de apoyo\",\"publisher\":{\"@id\":\"https:\/\/netwomening.org\/en\/#organization\"},\"potentialAction\":[{\"@type\":\"SearchAction\",\"target\":{\"@type\":\"EntryPoint\",\"urlTemplate\":\"https:\/\/netwomening.org\/en\/?s={search_term_string}\"},\"query-input\":{\"@type\":\"PropertyValueSpecification\",\"valueRequired\":true,\"valueName\":\"search_term_string\"}}],\"inLanguage\":\"en-US\"},{\"@type\":\"Organization\",\"@id\":\"https:\/\/netwomening.org\/en\/#organization\",\"name\":\"NetWomening\",\"url\":\"https:\/\/netwomening.org\/en\/\",\"logo\":{\"@type\":\"ImageObject\",\"inLanguage\":\"en-US\",\"@id\":\"https:\/\/netwomening.org\/en\/#\/schema\/logo\/image\/\",\"url\":\"https:\/\/netwomening.org\/wp-content\/uploads\/2023\/08\/Logo_Netwomering-02.svg\",\"contentUrl\":\"https:\/\/netwomening.org\/wp-content\/uploads\/2023\/08\/Logo_Netwomering-02.svg\",\"width\":156,\"height\":17,\"caption\":\"NetWomening\"},\"image\":{\"@id\":\"https:\/\/netwomening.org\/en\/#\/schema\/logo\/image\/\"}}]}<\/script>\n<!-- \/ Yoast SEO plugin. -->","yoast_head_json":{"title":"Legal notice - NetWomening","robots":{"index":"index","follow":"follow","max-snippet":"max-snippet:-1","max-image-preview":"max-image-preview:large","max-video-preview":"max-video-preview:-1"},"canonical":"https:\/\/netwomening.org\/en\/aviso-legal\/","og_locale":"en_US","og_type":"article","og_title":"Legal notice - NetWomening","og_url":"https:\/\/netwomening.org\/en\/aviso-legal\/","og_site_name":"NetWomening","article_modified_time":"2026-03-25T17:38:47+00:00","twitter_card":"summary_large_image","schema":{"@context":"https:\/\/schema.org","@graph":[{"@type":"WebPage","@id":"https:\/\/netwomening.org\/en\/aviso-legal\/","url":"https:\/\/netwomening.org\/en\/aviso-legal\/","name":"Legal notice - NetWomening","isPartOf":{"@id":"https:\/\/netwomening.org\/en\/#website"},"datePublished":"2023-08-28T06:26:02+00:00","dateModified":"2026-03-25T17:38:47+00:00","inLanguage":"en-US","potentialAction":[{"@type":"ReadAction","target":["https:\/\/netwomening.org\/en\/aviso-legal\/"]}]},{"@type":"WebSite","@id":"https:\/\/netwomening.org\/en\/#website","url":"https:\/\/netwomening.org\/en\/","name":"NetWomening","description":"Asociaci\u00f3n sin \u00e1nimo de lucro que ayuda a mujeres afganas bajo protecci\u00f3n internacional en Espa\u00f1a a reiniciar su vida tejiendo una red de apoyo","publisher":{"@id":"https:\/\/netwomening.org\/en\/#organization"},"potentialAction":[{"@type":"SearchAction","target":{"@type":"EntryPoint","urlTemplate":"https:\/\/netwomening.org\/en\/?s={search_term_string}"},"query-input":{"@type":"PropertyValueSpecification","valueRequired":true,"valueName":"search_term_string"}}],"inLanguage":"en-US"},{"@type":"Organization","@id":"https:\/\/netwomening.org\/en\/#organization","name":"NetWomening","url":"https:\/\/netwomening.org\/en\/","logo":{"@type":"ImageObject","inLanguage":"en-US","@id":"https:\/\/netwomening.org\/en\/#\/schema\/logo\/image\/","url":"https:\/\/netwomening.org\/wp-content\/uploads\/2023\/08\/Logo_Netwomering-02.svg","contentUrl":"https:\/\/netwomening.org\/wp-content\/uploads\/2023\/08\/Logo_Netwomering-02.svg","width":156,"height":17,"caption":"NetWomening"},"image":{"@id":"https:\/\/netwomening.org\/en\/#\/schema\/logo\/image\/"}}]}},"jetpack_sharing_enabled":true,"_links":{"self":[{"href":"https:\/\/netwomening.org\/en\/wp-json\/wp\/v2\/pages\/5069","targetHints":{"allow":["GET"]}}],"collection":[{"href":"https:\/\/netwomening.org\/en\/wp-json\/wp\/v2\/pages"}],"about":[{"href":"https:\/\/netwomening.org\/en\/wp-json\/wp\/v2\/types\/page"}],"author":[{"embeddable":true,"href":"https:\/\/netwomening.org\/en\/wp-json\/wp\/v2\/users\/1"}],"replies":[{"embeddable":true,"href":"https:\/\/netwomening.org\/en\/wp-json\/wp\/v2\/comments?post=5069"}],"version-history":[{"count":2,"href":"https:\/\/netwomening.org\/en\/wp-json\/wp\/v2\/pages\/5069\/revisions"}],"predecessor-version":[{"id":10234,"href":"https:\/\/netwomening.org\/en\/wp-json\/wp\/v2\/pages\/5069\/revisions\/10234"}],"wp:attachment":[{"href":"https:\/\/netwomening.org\/en\/wp-json\/wp\/v2\/media?parent=5069"}],"curies":[{"name":"wp","href":"https:\/\/api.w.org\/{rel}","templated":true}]}}