{"id":4927,"date":"2023-08-28T06:27:11","date_gmt":"2023-08-28T04:27:11","guid":{"rendered":"http:\/\/netwomening.com.5-175-45-53.panelninsoft.es\/contact-us\/"},"modified":"2026-04-15T02:01:15","modified_gmt":"2026-04-15T00:01:15","slug":"contact-us","status":"publish","type":"page","link":"https:\/\/netwomening.org\/en\/contact-us\/","title":{"rendered":"Contact us"},"content":{"rendered":"\t\t<div data-elementor-type=\"wp-page\" data-elementor-id=\"4927\" class=\"elementor elementor-4927 elementor-4465\" data-elementor-post-type=\"page\">\n\t\t\t\t\t\t<section class=\"elementor-section elementor-top-section elementor-element elementor-element-a69d606 elementor-section-stretched elementor-section-boxed elementor-section-height-default elementor-section-height-default\" data-id=\"a69d606\" data-element_type=\"section\" data-settings=\"{&quot;background_background&quot;:&quot;classic&quot;,&quot;stretch_section&quot;:&quot;section-stretched&quot;}\">\n\t\t\t\t\t\t\t<div class=\"elementor-background-overlay\"><\/div>\n\t\t\t\t\t\t\t<div class=\"elementor-container elementor-column-gap-default\">\n\t\t\t\t\t<div class=\"elementor-column elementor-col-100 elementor-top-column elementor-element elementor-element-e855e50\" data-id=\"e855e50\" data-element_type=\"column\">\n\t\t\t<div class=\"elementor-widget-wrap elementor-element-populated\">\n\t\t\t\t\t\t<div class=\"elementor-element elementor-element-c6e45f1 elementor-widget elementor-widget-heading\" data-id=\"c6e45f1\" data-element_type=\"widget\" data-widget_type=\"heading.default\">\n\t\t\t\t<div class=\"elementor-widget-container\">\n\t\t\t\t\t<h2 class=\"elementor-heading-title elementor-size-default\">Netwomening is a network of volunteers from different professional fields, as well as Afghan women under international protection in Spain.\n \nWe currently provide support to more than 90 women and their families.<\/h2>\t\t\t\t<\/div>\n\t\t\t\t<\/div>\n\t\t\t\t<div class=\"elementor-element elementor-element-46703fd elementor-widget elementor-widget-text-editor\" data-id=\"46703fd\" data-element_type=\"widget\" data-widget_type=\"text-editor.default\">\n\t\t\t\t<div class=\"elementor-widget-container\">\n\t\t\t\t\t\t\t\t\t<p>Our mission is to support and facilitate the social and professional integration of these women in our country, with the aim of helping them rebuild their lives, overcome cultural differences, the language barrier, and the lack of professional and personal networks.<\/p><p><strong>If you need more information, please do not hesitate to contact us<\/strong><\/p><p style=\"font-weight: 400;\">Contacto de prensa:<strong> <a href=\"mailto:comunicacion@netwomening.org\" target=\"_blank\" rel=\"noopener\">comunicacion@netwomening.org<\/a><\/strong><\/p><p style=\"font-weight: 400;\"> General inquiries: <strong><a href=\"mailto:nwm@netwomening.org\" target=\"_blank\" rel=\"noopener\">nwm@netwomening.org<\/a><\/strong><\/p>\t\t\t\t\t\t\t\t<\/div>\n\t\t\t\t<\/div>\n\t\t\t\t<div class=\"elementor-element elementor-element-bd89aad contact7 elementor-widget elementor-widget-avas-contact-form-7\" data-id=\"bd89aad\" data-element_type=\"widget\" data-widget_type=\"avas-contact-form-7.default\">\n\t\t\t\t<div class=\"elementor-widget-container\">\n\t\t\t\t\t        \n                <div class=\"tx-contact-form-7\">\n\n           \n<div class=\"wpcf7 no-js\" id=\"wpcf7-f4919-o1\" lang=\"es-ES\" dir=\"ltr\" data-wpcf7-id=\"4919\">\n<div class=\"screen-reader-response\"><p role=\"status\" aria-live=\"polite\" aria-atomic=\"true\"><\/p> <ul><\/ul><\/div>\n<form action=\"\/en\/wp-json\/wp\/v2\/pages\/4927#wpcf7-f4919-o1\" method=\"post\" class=\"wpcf7-form init\" aria-label=\"Formulario de contacto\" novalidate=\"novalidate\" data-status=\"init\">\n<div style=\"display: none;\">\n<input type=\"hidden\" name=\"_wpcf7\" value=\"4919\" \/>\n<input type=\"hidden\" name=\"_wpcf7_version\" value=\"6.0.2\" \/>\n<input type=\"hidden\" name=\"_wpcf7_locale\" value=\"es_ES\" \/>\n<input type=\"hidden\" name=\"_wpcf7_unit_tag\" value=\"wpcf7-f4919-o1\" \/>\n<input type=\"hidden\" name=\"_wpcf7_container_post\" value=\"0\" \/>\n<input type=\"hidden\" name=\"_wpcf7_posted_data_hash\" value=\"\" \/>\n<input type=\"hidden\" name=\"_wpcf7_recaptcha_response\" value=\"\" \/>\n<\/div>\n<p><label>Seleccione Perfil de Contacto: <span class=\"wpcf7-form-control-wrap\" data-name=\"Selecione\"><select class=\"wpcf7-form-control wpcf7-select wpcf7-validates-as-required\" aria-required=\"true\" aria-invalid=\"false\" name=\"Selecione\"><option value=\"Particular\">Particular<\/option><option value=\"Empresa\">Empresa<\/option><\/select><\/span><\/label>\n<\/p>\n<p><label>Nombre <span class=\"wpcf7-form-control-wrap\" data-name=\"your-name\"><input size=\"40\" maxlength=\"400\" class=\"wpcf7-form-control wpcf7-text wpcf7-validates-as-required\" autocomplete=\"name\" aria-required=\"true\" aria-invalid=\"false\" value=\"\" type=\"text\" name=\"your-name\" \/><\/span> <\/label>\n<\/p>\n<p><label>Apellido <span class=\"wpcf7-form-control-wrap\" data-name=\"your-apellido\"><input size=\"40\" maxlength=\"400\" class=\"wpcf7-form-control wpcf7-text wpcf7-validates-as-required\" autocomplete=\"apellido\" aria-required=\"true\" aria-invalid=\"false\" value=\"\" type=\"text\" name=\"your-apellido\" \/><\/span> <\/label>\n<\/p>\n<p><label> Email <span class=\"wpcf7-form-control-wrap\" data-name=\"your-email\"><input size=\"40\" maxlength=\"400\" class=\"wpcf7-form-control wpcf7-email wpcf7-validates-as-required wpcf7-text wpcf7-validates-as-email\" autocomplete=\"email\" aria-required=\"true\" aria-invalid=\"false\" value=\"\" type=\"email\" name=\"your-email\" \/><\/span> <\/label>\n<\/p>\n<p><label> M\u00f3vil <span class=\"wpcf7-form-control-wrap\" data-name=\"tel-838\"><input size=\"40\" maxlength=\"400\" class=\"wpcf7-form-control wpcf7-tel wpcf7-text wpcf7-validates-as-tel\" aria-invalid=\"false\" value=\"\" type=\"tel\" name=\"tel-838\" \/><\/span><\/label>\n<\/p>\n<div>\n\t<p><label> Como te gustar\u00eda colaborar <\/label><br \/>\n<span class=\"wpcf7-form-control-wrap\" data-name=\"your-message\"><textarea cols=\"40\" rows=\"10\" maxlength=\"2000\" class=\"wpcf7-form-control wpcf7-textarea\" aria-invalid=\"false\" name=\"your-message\"><\/textarea><\/span>\n\t<\/p>\n<\/div>\n<p><span class=\"wpcf7-form-control-wrap\" data-name=\"Privacidad\"><span class=\"wpcf7-form-control wpcf7-acceptance\"><span class=\"wpcf7-list-item\"><label><input type=\"checkbox\" name=\"Privacidad\" value=\"1\" aria-invalid=\"false\" \/><span class=\"wpcf7-list-item-label\"><a style=\"font-size:14px\"> Informaci\u00f3n sobre el tratamiento de sus datos personales de conformidad con el Reglamento (UE) 2016\/679 (RGPD) y en la L.O. 3\/2018 (LOPDGDD)\nResponsable del tratamiento: Netwomening\nFinalidad: Env\u00edo de comunicaciones con car\u00e1cter publicitario.\nDerechos: Tiene derecho a acceder, rectificar, oponerse y suprimir sus datos en datos@netwomening.com\nPara m\u00e1s informaci\u00f3n: Puede consultar la informaci\u00f3n adicional y detallada sobre protecci\u00f3n de datos, en nuestras web:<\/a> <a style=\"color: #f00084;font-size: 13px;\" rel=\"nofollow\" href=\"https:\/\/netwomening.org\/politica-de-privacidad\/\">Pol\u00edtica de Privacidad<\/a>.<\/span><\/label><\/span><\/span><\/span>\n<\/p>\n\n<p><label class=\"btn-env\"><br \/>\n<input class=\"wpcf7-form-control wpcf7-submit has-spinner\" type=\"submit\" value=\"Enviar\" \/> <\/label>\n<\/p><div class=\"wpcf7-response-output\" aria-hidden=\"true\"><\/div>\n<\/form>\n<\/div>\n       \n        <\/div><!-- tx-contact-form-7 -->\n        \n    \t\t\t\t<\/div>\n\t\t\t\t<\/div>\n\t\t\t\t\t<\/div>\n\t\t<\/div>\n\t\t\t\t\t<\/div>\n\t\t<\/section>\n\t\t\t\t<\/div>\n\t\t","protected":false},"excerpt":{"rendered":"<p class=\"tx-excerpt\">Netwomening is a network of volunteers from different professional fields, as well as Afghan women under international protection in Spain. We currently provide support to more than 90 women and their families. Our","protected":false},"author":1,"featured_media":4892,"parent":0,"menu_order":0,"comment_status":"closed","ping_status":"closed","template":"","meta":{"footnotes":""},"class_list":["post-4927","page","type-page","status-publish","has-post-thumbnail","hentry"],"acf":[],"yoast_head":"<!-- This site is optimized with the Yoast SEO plugin v26.7 - https:\/\/yoast.com\/wordpress\/plugins\/seo\/ -->\n<title>Contact us - NetWomening<\/title>\n<meta name=\"robots\" content=\"index, follow, max-snippet:-1, max-image-preview:large, max-video-preview:-1\" \/>\n<link rel=\"canonical\" href=\"https:\/\/netwomening.org\/en\/contact-us\/\" \/>\n<meta property=\"og:locale\" content=\"en_US\" \/>\n<meta property=\"og:type\" content=\"article\" \/>\n<meta property=\"og:title\" content=\"Contact us - NetWomening\" \/>\n<meta property=\"og:description\" content=\"Netwomening is a network of volunteers from different professional fields, as well as Afghan women under international protection in Spain. We currently provide support to more than 90 women and their families. Our mission is to support and facilitate the social and professional integration of these women in our country, with the aim of helping [&hellip;]\" \/>\n<meta property=\"og:url\" content=\"https:\/\/netwomening.org\/en\/contact-us\/\" \/>\n<meta property=\"og:site_name\" content=\"NetWomening\" \/>\n<meta property=\"article:modified_time\" content=\"2026-04-15T00:01:15+00:00\" \/>\n<meta property=\"og:image\" content=\"https:\/\/netwomening.org\/wp-content\/uploads\/2023\/08\/Cabecera_QuieneSomos-1-1.png\" \/>\n\t<meta property=\"og:image:width\" content=\"804\" \/>\n\t<meta property=\"og:image:height\" content=\"352\" \/>\n\t<meta property=\"og:image:type\" content=\"image\/png\" \/>\n<meta name=\"twitter:card\" content=\"summary_large_image\" \/>\n<meta name=\"twitter:label1\" content=\"Est. reading time\" \/>\n\t<meta name=\"twitter:data1\" content=\"1 minute\" \/>\n<script type=\"application\/ld+json\" class=\"yoast-schema-graph\">{\"@context\":\"https:\/\/schema.org\",\"@graph\":[{\"@type\":\"WebPage\",\"@id\":\"https:\/\/netwomening.org\/en\/contact-us\/\",\"url\":\"https:\/\/netwomening.org\/en\/contact-us\/\",\"name\":\"Contact us - NetWomening\",\"isPartOf\":{\"@id\":\"https:\/\/netwomening.org\/en\/#website\"},\"primaryImageOfPage\":{\"@id\":\"https:\/\/netwomening.org\/en\/contact-us\/#primaryimage\"},\"image\":{\"@id\":\"https:\/\/netwomening.org\/en\/contact-us\/#primaryimage\"},\"thumbnailUrl\":\"https:\/\/netwomening.org\/wp-content\/uploads\/2023\/08\/Cabecera_QuieneSomos-1-1.png\",\"datePublished\":\"2023-08-28T04:27:11+00:00\",\"dateModified\":\"2026-04-15T00:01:15+00:00\",\"inLanguage\":\"en-US\",\"potentialAction\":[{\"@type\":\"ReadAction\",\"target\":[\"https:\/\/netwomening.org\/en\/contact-us\/\"]}]},{\"@type\":\"ImageObject\",\"inLanguage\":\"en-US\",\"@id\":\"https:\/\/netwomening.org\/en\/contact-us\/#primaryimage\",\"url\":\"https:\/\/netwomening.org\/wp-content\/uploads\/2023\/08\/Cabecera_QuieneSomos-1-1.png\",\"contentUrl\":\"https:\/\/netwomening.org\/wp-content\/uploads\/2023\/08\/Cabecera_QuieneSomos-1-1.png\",\"width\":804,\"height\":352},{\"@type\":\"WebSite\",\"@id\":\"https:\/\/netwomening.org\/en\/#website\",\"url\":\"https:\/\/netwomening.org\/en\/\",\"name\":\"NetWomening\",\"description\":\"Asociaci\u00f3n sin \u00e1nimo de lucro que ayuda a mujeres afganas bajo protecci\u00f3n internacional en Espa\u00f1a a reiniciar su vida tejiendo una red de apoyo\",\"publisher\":{\"@id\":\"https:\/\/netwomening.org\/en\/#organization\"},\"potentialAction\":[{\"@type\":\"SearchAction\",\"target\":{\"@type\":\"EntryPoint\",\"urlTemplate\":\"https:\/\/netwomening.org\/en\/?s={search_term_string}\"},\"query-input\":{\"@type\":\"PropertyValueSpecification\",\"valueRequired\":true,\"valueName\":\"search_term_string\"}}],\"inLanguage\":\"en-US\"},{\"@type\":\"Organization\",\"@id\":\"https:\/\/netwomening.org\/en\/#organization\",\"name\":\"NetWomening\",\"url\":\"https:\/\/netwomening.org\/en\/\",\"logo\":{\"@type\":\"ImageObject\",\"inLanguage\":\"en-US\",\"@id\":\"https:\/\/netwomening.org\/en\/#\/schema\/logo\/image\/\",\"url\":\"https:\/\/netwomening.org\/wp-content\/uploads\/2023\/08\/Logo_Netwomering-02.svg\",\"contentUrl\":\"https:\/\/netwomening.org\/wp-content\/uploads\/2023\/08\/Logo_Netwomering-02.svg\",\"width\":156,\"height\":17,\"caption\":\"NetWomening\"},\"image\":{\"@id\":\"https:\/\/netwomening.org\/en\/#\/schema\/logo\/image\/\"}}]}<\/script>\n<!-- \/ Yoast SEO plugin. -->","yoast_head_json":{"title":"Contact us - NetWomening","robots":{"index":"index","follow":"follow","max-snippet":"max-snippet:-1","max-image-preview":"max-image-preview:large","max-video-preview":"max-video-preview:-1"},"canonical":"https:\/\/netwomening.org\/en\/contact-us\/","og_locale":"en_US","og_type":"article","og_title":"Contact us - NetWomening","og_description":"Netwomening is a network of volunteers from different professional fields, as well as Afghan women under international protection in Spain. We currently provide support to more than 90 women and their families. Our mission is to support and facilitate the social and professional integration of these women in our country, with the aim of helping [&hellip;]","og_url":"https:\/\/netwomening.org\/en\/contact-us\/","og_site_name":"NetWomening","article_modified_time":"2026-04-15T00:01:15+00:00","og_image":[{"width":804,"height":352,"url":"https:\/\/netwomening.org\/wp-content\/uploads\/2023\/08\/Cabecera_QuieneSomos-1-1.png","type":"image\/png"}],"twitter_card":"summary_large_image","twitter_misc":{"Est. reading time":"1 minute"},"schema":{"@context":"https:\/\/schema.org","@graph":[{"@type":"WebPage","@id":"https:\/\/netwomening.org\/en\/contact-us\/","url":"https:\/\/netwomening.org\/en\/contact-us\/","name":"Contact us - NetWomening","isPartOf":{"@id":"https:\/\/netwomening.org\/en\/#website"},"primaryImageOfPage":{"@id":"https:\/\/netwomening.org\/en\/contact-us\/#primaryimage"},"image":{"@id":"https:\/\/netwomening.org\/en\/contact-us\/#primaryimage"},"thumbnailUrl":"https:\/\/netwomening.org\/wp-content\/uploads\/2023\/08\/Cabecera_QuieneSomos-1-1.png","datePublished":"2023-08-28T04:27:11+00:00","dateModified":"2026-04-15T00:01:15+00:00","inLanguage":"en-US","potentialAction":[{"@type":"ReadAction","target":["https:\/\/netwomening.org\/en\/contact-us\/"]}]},{"@type":"ImageObject","inLanguage":"en-US","@id":"https:\/\/netwomening.org\/en\/contact-us\/#primaryimage","url":"https:\/\/netwomening.org\/wp-content\/uploads\/2023\/08\/Cabecera_QuieneSomos-1-1.png","contentUrl":"https:\/\/netwomening.org\/wp-content\/uploads\/2023\/08\/Cabecera_QuieneSomos-1-1.png","width":804,"height":352},{"@type":"WebSite","@id":"https:\/\/netwomening.org\/en\/#website","url":"https:\/\/netwomening.org\/en\/","name":"NetWomening","description":"Asociaci\u00f3n sin \u00e1nimo de lucro que ayuda a mujeres afganas bajo protecci\u00f3n internacional en Espa\u00f1a a reiniciar su vida tejiendo una red de apoyo","publisher":{"@id":"https:\/\/netwomening.org\/en\/#organization"},"potentialAction":[{"@type":"SearchAction","target":{"@type":"EntryPoint","urlTemplate":"https:\/\/netwomening.org\/en\/?s={search_term_string}"},"query-input":{"@type":"PropertyValueSpecification","valueRequired":true,"valueName":"search_term_string"}}],"inLanguage":"en-US"},{"@type":"Organization","@id":"https:\/\/netwomening.org\/en\/#organization","name":"NetWomening","url":"https:\/\/netwomening.org\/en\/","logo":{"@type":"ImageObject","inLanguage":"en-US","@id":"https:\/\/netwomening.org\/en\/#\/schema\/logo\/image\/","url":"https:\/\/netwomening.org\/wp-content\/uploads\/2023\/08\/Logo_Netwomering-02.svg","contentUrl":"https:\/\/netwomening.org\/wp-content\/uploads\/2023\/08\/Logo_Netwomering-02.svg","width":156,"height":17,"caption":"NetWomening"},"image":{"@id":"https:\/\/netwomening.org\/en\/#\/schema\/logo\/image\/"}}]}},"jetpack_sharing_enabled":true,"_links":{"self":[{"href":"https:\/\/netwomening.org\/en\/wp-json\/wp\/v2\/pages\/4927","targetHints":{"allow":["GET"]}}],"collection":[{"href":"https:\/\/netwomening.org\/en\/wp-json\/wp\/v2\/pages"}],"about":[{"href":"https:\/\/netwomening.org\/en\/wp-json\/wp\/v2\/types\/page"}],"author":[{"embeddable":true,"href":"https:\/\/netwomening.org\/en\/wp-json\/wp\/v2\/users\/1"}],"replies":[{"embeddable":true,"href":"https:\/\/netwomening.org\/en\/wp-json\/wp\/v2\/comments?post=4927"}],"version-history":[{"count":4,"href":"https:\/\/netwomening.org\/en\/wp-json\/wp\/v2\/pages\/4927\/revisions"}],"predecessor-version":[{"id":10325,"href":"https:\/\/netwomening.org\/en\/wp-json\/wp\/v2\/pages\/4927\/revisions\/10325"}],"wp:featuredmedia":[{"embeddable":true,"href":"https:\/\/netwomening.org\/en\/wp-json\/wp\/v2\/media\/4892"}],"wp:attachment":[{"href":"https:\/\/netwomening.org\/en\/wp-json\/wp\/v2\/media?parent=4927"}],"curies":[{"name":"wp","href":"https:\/\/api.w.org\/{rel}","templated":true}]}}