{"id":10229,"date":"2026-01-16T12:07:50","date_gmt":"2026-01-16T11:07:50","guid":{"rendered":"https:\/\/netwomening.org\/donate\/"},"modified":"2026-04-26T18:48:49","modified_gmt":"2026-04-26T16:48:49","slug":"donate","status":"publish","type":"page","link":"https:\/\/netwomening.org\/en\/donate\/","title":{"rendered":"Donate"},"content":{"rendered":"\t\t<div data-elementor-type=\"wp-page\" data-elementor-id=\"10229\" class=\"elementor elementor-10229 elementor-9962\" data-elementor-post-type=\"page\">\n\t\t\t\t\t\t<section class=\"elementor-section elementor-top-section elementor-element elementor-element-1e857ac elementor-section-boxed elementor-section-height-default elementor-section-height-default\" data-id=\"1e857ac\" data-element_type=\"section\">\n\t\t\t\t\t\t<div class=\"elementor-container elementor-column-gap-default\">\n\t\t\t\t\t<div class=\"elementor-column elementor-col-100 elementor-top-column elementor-element elementor-element-9f5ad62\" data-id=\"9f5ad62\" data-element_type=\"column\">\n\t\t\t<div class=\"elementor-widget-wrap elementor-element-populated\">\n\t\t\t\t\t\t<div class=\"elementor-element elementor-element-717d8f1 elementor-widget elementor-widget-spacer\" data-id=\"717d8f1\" data-element_type=\"widget\" data-widget_type=\"spacer.default\">\n\t\t\t\t<div class=\"elementor-widget-container\">\n\t\t\t\t\t\t\t<div class=\"elementor-spacer\">\n\t\t\t<div class=\"elementor-spacer-inner\"><\/div>\n\t\t<\/div>\n\t\t\t\t\t\t<\/div>\n\t\t\t\t<\/div>\n\t\t\t\t\t<\/div>\n\t\t<\/div>\n\t\t\t\t\t<\/div>\n\t\t<\/section>\n\t\t\t\t<section class=\"elementor-section elementor-top-section elementor-element elementor-element-3f19cb5 elementor-section-boxed elementor-section-height-default elementor-section-height-default\" data-id=\"3f19cb5\" data-element_type=\"section\">\n\t\t\t\t\t\t<div class=\"elementor-container elementor-column-gap-default\">\n\t\t\t\t\t<div class=\"elementor-column elementor-col-100 elementor-top-column elementor-element elementor-element-4fd8229\" data-id=\"4fd8229\" data-element_type=\"column\">\n\t\t\t<div class=\"elementor-widget-wrap elementor-element-populated\">\n\t\t\t\t\t\t<div class=\"elementor-element elementor-element-81963ae elementor-widget elementor-widget-heading\" data-id=\"81963ae\" data-element_type=\"widget\" data-widget_type=\"heading.default\">\n\t\t\t\t<div class=\"elementor-widget-container\">\n\t\t\t\t\t<h2 class=\"elementor-heading-title elementor-size-default\">Your contribution makes our work possible<\/h2>\t\t\t\t<\/div>\n\t\t\t\t<\/div>\n\t\t\t\t\t<\/div>\n\t\t<\/div>\n\t\t\t\t\t<\/div>\n\t\t<\/section>\n\t\t\t\t<section class=\"elementor-section elementor-top-section elementor-element elementor-element-993a10b elementor-section-boxed elementor-section-height-default elementor-section-height-default\" data-id=\"993a10b\" data-element_type=\"section\">\n\t\t\t\t\t\t<div class=\"elementor-container elementor-column-gap-default\">\n\t\t\t\t\t<div class=\"elementor-column elementor-col-50 elementor-top-column elementor-element elementor-element-604ac8b\" data-id=\"604ac8b\" data-element_type=\"column\">\n\t\t\t<div class=\"elementor-widget-wrap elementor-element-populated\">\n\t\t\t\t\t\t<div class=\"elementor-element elementor-element-16ab4d6 elementor-widget elementor-widget-image\" data-id=\"16ab4d6\" data-element_type=\"widget\" data-widget_type=\"image.default\">\n\t\t\t\t<div class=\"elementor-widget-container\">\n\t\t\t\t\t\t\t\t\t\t\t\t\t\t\t\t<a href=\"https:\/\/services.tochat.be\/p\/dona100-transformavidas\/form\/stripe\">\n\t\t\t\t\t\t\t<img fetchpriority=\"high\" decoding=\"async\" width=\"1024\" height=\"512\" src=\"https:\/\/netwomening.org\/wp-content\/uploads\/2026\/04\/Dona-5E-enciende-una-chispa-1024x512.png\" class=\"attachment-large size-large wp-image-10384\" alt=\"Donate 5, spark a light\" srcset=\"https:\/\/netwomening.org\/wp-content\/uploads\/2026\/04\/Dona-5E-enciende-una-chispa-1024x512.png 1024w, https:\/\/netwomening.org\/wp-content\/uploads\/2026\/04\/Dona-5E-enciende-una-chispa-300x150.png 300w, https:\/\/netwomening.org\/wp-content\/uploads\/2026\/04\/Dona-5E-enciende-una-chispa-768x384.png 768w, https:\/\/netwomening.org\/wp-content\/uploads\/2026\/04\/Dona-5E-enciende-una-chispa-1536x768.png 1536w, https:\/\/netwomening.org\/wp-content\/uploads\/2026\/04\/Dona-5E-enciende-una-chispa-2048x1024.png 2048w, https:\/\/netwomening.org\/wp-content\/uploads\/2026\/04\/Dona-5E-enciende-una-chispa-800x400.png 800w, https:\/\/netwomening.org\/wp-content\/uploads\/2026\/04\/Dona-5E-enciende-una-chispa-80x40.png 80w, https:\/\/netwomening.org\/wp-content\/uploads\/2026\/04\/Dona-5E-enciende-una-chispa-360x180.png 360w, https:\/\/netwomening.org\/wp-content\/uploads\/2026\/04\/Dona-5E-enciende-una-chispa-373x187.png 373w, https:\/\/netwomening.org\/wp-content\/uploads\/2026\/04\/Dona-5E-enciende-una-chispa-620x310.png 620w, https:\/\/netwomening.org\/wp-content\/uploads\/2026\/04\/Dona-5E-enciende-una-chispa-460x230.png 460w, https:\/\/netwomening.org\/wp-content\/uploads\/2026\/04\/Dona-5E-enciende-una-chispa-365x183.png 365w\" sizes=\"(max-width: 1024px) 100vw, 1024px\" \/>\t\t\t\t\t\t\t\t<\/a>\n\t\t\t\t\t\t\t\t\t\t\t\t\t\t\t<\/div>\n\t\t\t\t<\/div>\n\t\t\t\t\t<\/div>\n\t\t<\/div>\n\t\t\t\t<div class=\"elementor-column elementor-col-50 elementor-top-column elementor-element elementor-element-0e618e2\" data-id=\"0e618e2\" data-element_type=\"column\">\n\t\t\t<div class=\"elementor-widget-wrap elementor-element-populated\">\n\t\t\t\t\t\t<div class=\"elementor-element elementor-element-7b62580 elementor-widget elementor-widget-image\" data-id=\"7b62580\" data-element_type=\"widget\" data-widget_type=\"image.default\">\n\t\t\t\t<div class=\"elementor-widget-container\">\n\t\t\t\t\t\t\t\t\t\t\t\t\t\t\t\t<a href=\"https:\/\/services.tochat.be\/p\/dona50-hazcrecerelcambio\/form\/stripe\">\n\t\t\t\t\t\t\t<img decoding=\"async\" width=\"1024\" height=\"512\" src=\"https:\/\/netwomening.org\/wp-content\/uploads\/2026\/04\/Dona-50E-haz-crecer-el-cambio-1024x512.png\" class=\"attachment-large size-large wp-image-10393\" alt=\"Donate 50, help change grow\" srcset=\"https:\/\/netwomening.org\/wp-content\/uploads\/2026\/04\/Dona-50E-haz-crecer-el-cambio-1024x512.png 1024w, https:\/\/netwomening.org\/wp-content\/uploads\/2026\/04\/Dona-50E-haz-crecer-el-cambio-300x150.png 300w, https:\/\/netwomening.org\/wp-content\/uploads\/2026\/04\/Dona-50E-haz-crecer-el-cambio-768x384.png 768w, https:\/\/netwomening.org\/wp-content\/uploads\/2026\/04\/Dona-50E-haz-crecer-el-cambio-1536x768.png 1536w, https:\/\/netwomening.org\/wp-content\/uploads\/2026\/04\/Dona-50E-haz-crecer-el-cambio-2048x1024.png 2048w, https:\/\/netwomening.org\/wp-content\/uploads\/2026\/04\/Dona-50E-haz-crecer-el-cambio-800x400.png 800w, https:\/\/netwomening.org\/wp-content\/uploads\/2026\/04\/Dona-50E-haz-crecer-el-cambio-80x40.png 80w, https:\/\/netwomening.org\/wp-content\/uploads\/2026\/04\/Dona-50E-haz-crecer-el-cambio-360x180.png 360w, https:\/\/netwomening.org\/wp-content\/uploads\/2026\/04\/Dona-50E-haz-crecer-el-cambio-373x187.png 373w, https:\/\/netwomening.org\/wp-content\/uploads\/2026\/04\/Dona-50E-haz-crecer-el-cambio-620x310.png 620w, https:\/\/netwomening.org\/wp-content\/uploads\/2026\/04\/Dona-50E-haz-crecer-el-cambio-460x230.png 460w, https:\/\/netwomening.org\/wp-content\/uploads\/2026\/04\/Dona-50E-haz-crecer-el-cambio-365x183.png 365w\" sizes=\"(max-width: 1024px) 100vw, 1024px\" \/>\t\t\t\t\t\t\t\t<\/a>\n\t\t\t\t\t\t\t\t\t\t\t\t\t\t\t<\/div>\n\t\t\t\t<\/div>\n\t\t\t\t\t<\/div>\n\t\t<\/div>\n\t\t\t\t\t<\/div>\n\t\t<\/section>\n\t\t\t\t<section class=\"elementor-section elementor-top-section elementor-element elementor-element-94b67e5 elementor-section-boxed elementor-section-height-default elementor-section-height-default\" data-id=\"94b67e5\" data-element_type=\"section\">\n\t\t\t\t\t\t<div class=\"elementor-container elementor-column-gap-default\">\n\t\t\t\t\t<div class=\"elementor-column elementor-col-50 elementor-top-column elementor-element elementor-element-320413e\" data-id=\"320413e\" data-element_type=\"column\">\n\t\t\t<div class=\"elementor-widget-wrap elementor-element-populated\">\n\t\t\t\t\t\t<div class=\"elementor-element elementor-element-1ba10be elementor-widget elementor-widget-image\" data-id=\"1ba10be\" data-element_type=\"widget\" data-widget_type=\"image.default\">\n\t\t\t\t<div class=\"elementor-widget-container\">\n\t\t\t\t\t\t\t\t\t\t\t\t\t\t\t\t<a href=\"https:\/\/services.tochat.be\/p\/dona20-inspirauncomienzo\/form\/stripe\">\n\t\t\t\t\t\t\t<img decoding=\"async\" width=\"1024\" height=\"512\" src=\"https:\/\/netwomening.org\/wp-content\/uploads\/2026\/04\/Dona-100E-transforma-vidas-1024x512.png\" class=\"attachment-large size-large wp-image-10396\" alt=\"donate 100, transform lives\" srcset=\"https:\/\/netwomening.org\/wp-content\/uploads\/2026\/04\/Dona-100E-transforma-vidas-1024x512.png 1024w, https:\/\/netwomening.org\/wp-content\/uploads\/2026\/04\/Dona-100E-transforma-vidas-300x150.png 300w, https:\/\/netwomening.org\/wp-content\/uploads\/2026\/04\/Dona-100E-transforma-vidas-768x384.png 768w, https:\/\/netwomening.org\/wp-content\/uploads\/2026\/04\/Dona-100E-transforma-vidas-1536x768.png 1536w, https:\/\/netwomening.org\/wp-content\/uploads\/2026\/04\/Dona-100E-transforma-vidas-2048x1024.png 2048w, https:\/\/netwomening.org\/wp-content\/uploads\/2026\/04\/Dona-100E-transforma-vidas-800x400.png 800w, https:\/\/netwomening.org\/wp-content\/uploads\/2026\/04\/Dona-100E-transforma-vidas-80x40.png 80w, https:\/\/netwomening.org\/wp-content\/uploads\/2026\/04\/Dona-100E-transforma-vidas-360x180.png 360w, https:\/\/netwomening.org\/wp-content\/uploads\/2026\/04\/Dona-100E-transforma-vidas-373x187.png 373w, https:\/\/netwomening.org\/wp-content\/uploads\/2026\/04\/Dona-100E-transforma-vidas-620x310.png 620w, https:\/\/netwomening.org\/wp-content\/uploads\/2026\/04\/Dona-100E-transforma-vidas-460x230.png 460w, https:\/\/netwomening.org\/wp-content\/uploads\/2026\/04\/Dona-100E-transforma-vidas-365x183.png 365w\" sizes=\"(max-width: 1024px) 100vw, 1024px\" \/>\t\t\t\t\t\t\t\t<\/a>\n\t\t\t\t\t\t\t\t\t\t\t\t\t\t\t<\/div>\n\t\t\t\t<\/div>\n\t\t\t\t\t<\/div>\n\t\t<\/div>\n\t\t\t\t<div class=\"elementor-column elementor-col-50 elementor-top-column elementor-element elementor-element-feaf42e\" data-id=\"feaf42e\" data-element_type=\"column\">\n\t\t\t<div class=\"elementor-widget-wrap elementor-element-populated\">\n\t\t\t\t\t\t<div class=\"elementor-element elementor-element-06d639f elementor-widget elementor-widget-image\" data-id=\"06d639f\" data-element_type=\"widget\" data-widget_type=\"image.default\">\n\t\t\t\t<div class=\"elementor-widget-container\">\n\t\t\t\t\t\t\t\t\t\t\t\t\t\t\t\t<a href=\"https:\/\/services.tochat.be\/whatsapp-business-directory\/510f757b-c7d2-4a3d-b96d-a271c51f9903\">\n\t\t\t\t\t\t\t<img loading=\"lazy\" decoding=\"async\" width=\"2560\" height=\"1280\" src=\"https:\/\/netwomening.org\/wp-content\/uploads\/2026\/04\/Otro-monto-deja-tu-huella-scaled.png\" class=\"attachment-full size-full wp-image-10399\" alt=\"Otro moDonate other, leave your mark\" srcset=\"https:\/\/netwomening.org\/wp-content\/uploads\/2026\/04\/Otro-monto-deja-tu-huella-scaled.png 2560w, https:\/\/netwomening.org\/wp-content\/uploads\/2026\/04\/Otro-monto-deja-tu-huella-300x150.png 300w, https:\/\/netwomening.org\/wp-content\/uploads\/2026\/04\/Otro-monto-deja-tu-huella-1024x512.png 1024w, https:\/\/netwomening.org\/wp-content\/uploads\/2026\/04\/Otro-monto-deja-tu-huella-768x384.png 768w, https:\/\/netwomening.org\/wp-content\/uploads\/2026\/04\/Otro-monto-deja-tu-huella-1536x768.png 1536w, https:\/\/netwomening.org\/wp-content\/uploads\/2026\/04\/Otro-monto-deja-tu-huella-2048x1024.png 2048w, https:\/\/netwomening.org\/wp-content\/uploads\/2026\/04\/Otro-monto-deja-tu-huella-800x400.png 800w, https:\/\/netwomening.org\/wp-content\/uploads\/2026\/04\/Otro-monto-deja-tu-huella-80x40.png 80w, https:\/\/netwomening.org\/wp-content\/uploads\/2026\/04\/Otro-monto-deja-tu-huella-360x180.png 360w, https:\/\/netwomening.org\/wp-content\/uploads\/2026\/04\/Otro-monto-deja-tu-huella-373x187.png 373w, https:\/\/netwomening.org\/wp-content\/uploads\/2026\/04\/Otro-monto-deja-tu-huella-620x310.png 620w, https:\/\/netwomening.org\/wp-content\/uploads\/2026\/04\/Otro-monto-deja-tu-huella-460x230.png 460w, https:\/\/netwomening.org\/wp-content\/uploads\/2026\/04\/Otro-monto-deja-tu-huella-365x183.png 365w\" sizes=\"(max-width: 2560px) 100vw, 2560px\" \/>\t\t\t\t\t\t\t\t<\/a>\n\t\t\t\t\t\t\t\t\t\t\t\t\t\t\t<\/div>\n\t\t\t\t<\/div>\n\t\t\t\t\t<\/div>\n\t\t<\/div>\n\t\t\t\t\t<\/div>\n\t\t<\/section>\n\t\t\t\t<section class=\"elementor-section elementor-top-section elementor-element elementor-element-8e7bd73 elementor-section-boxed elementor-section-height-default elementor-section-height-default\" data-id=\"8e7bd73\" data-element_type=\"section\">\n\t\t\t\t\t\t<div class=\"elementor-container elementor-column-gap-default\">\n\t\t\t\t\t<div class=\"elementor-column elementor-col-100 elementor-top-column elementor-element elementor-element-dbc3cc4\" data-id=\"dbc3cc4\" data-element_type=\"column\">\n\t\t\t<div class=\"elementor-widget-wrap elementor-element-populated\">\n\t\t\t\t\t\t<div class=\"elementor-element elementor-element-525c500 elementor-widget elementor-widget-text-editor\" data-id=\"525c500\" data-element_type=\"widget\" data-widget_type=\"text-editor.default\">\n\t\t\t\t<div class=\"elementor-widget-container\">\n\t\t\t\t\t\t\t\t\t<p>Financial support from people like you, contributes to the social integration and access to the employment market for Afghan women under international protection in Spain.<\/p>\t\t\t\t\t\t\t\t<\/div>\n\t\t\t\t<\/div>\n\t\t\t\t\t<\/div>\n\t\t<\/div>\n\t\t\t\t\t<\/div>\n\t\t<\/section>\n\t\t\t\t<section class=\"elementor-section elementor-top-section elementor-element elementor-element-d2a1c7f elementor-section-boxed elementor-section-height-default elementor-section-height-default\" data-id=\"d2a1c7f\" data-element_type=\"section\">\n\t\t\t\t\t\t<div class=\"elementor-container elementor-column-gap-default\">\n\t\t\t\t\t<div class=\"elementor-column elementor-col-100 elementor-top-column elementor-element elementor-element-26673a5\" data-id=\"26673a5\" data-element_type=\"column\">\n\t\t\t<div class=\"elementor-widget-wrap elementor-element-populated\">\n\t\t\t\t\t\t<div class=\"elementor-element elementor-element-93d2f99 elementor-widget elementor-widget-video\" data-id=\"93d2f99\" data-element_type=\"widget\" data-settings=\"{&quot;youtube_url&quot;:&quot;https:\\\/\\\/www.youtube.com\\\/watch?v=4EkDyigrxCU&quot;,&quot;video_type&quot;:&quot;youtube&quot;,&quot;controls&quot;:&quot;yes&quot;}\" data-widget_type=\"video.default\">\n\t\t\t\t<div class=\"elementor-widget-container\">\n\t\t\t\t\t\t\t<div class=\"elementor-wrapper elementor-open-inline\">\n\t\t\t<div class=\"elementor-video\"><\/div>\t\t<\/div>\n\t\t\t\t\t\t<\/div>\n\t\t\t\t<\/div>\n\t\t\t\t\t<\/div>\n\t\t<\/div>\n\t\t\t\t\t<\/div>\n\t\t<\/section>\n\t\t\t\t<\/div>\n\t\t","protected":false},"excerpt":{"rendered":"<p class=\"tx-excerpt\">Your contribution makes our work possible Financial support from people like you, contributes to the social integration and access to the employment market for Afghan women under international protection in Spain. https:\/\/www.youtube.com\/watch?v=4EkDyigrxCU<\/p>","protected":false},"author":2,"featured_media":0,"parent":0,"menu_order":0,"comment_status":"closed","ping_status":"closed","template":"","meta":{"footnotes":""},"class_list":["post-10229","page","type-page","status-publish","hentry"],"acf":[],"yoast_head":"<!-- This site is optimized with the Yoast SEO plugin v26.7 - https:\/\/yoast.com\/wordpress\/plugins\/seo\/ -->\n<title>Donate - NetWomening<\/title>\n<meta name=\"robots\" content=\"index, follow, max-snippet:-1, max-image-preview:large, max-video-preview:-1\" \/>\n<link rel=\"canonical\" href=\"https:\/\/netwomening.org\/en\/donate\/\" \/>\n<meta property=\"og:locale\" content=\"en_US\" \/>\n<meta property=\"og:type\" content=\"article\" \/>\n<meta property=\"og:title\" content=\"Donate - NetWomening\" \/>\n<meta property=\"og:description\" content=\"Your contribution makes our work possible Financial support from people like you, contributes to the social integration and access to the employment market for Afghan women under international protection in Spain. https:\/\/www.youtube.com\/watch?v=4EkDyigrxCU\" \/>\n<meta property=\"og:url\" content=\"https:\/\/netwomening.org\/en\/donate\/\" \/>\n<meta property=\"og:site_name\" content=\"NetWomening\" \/>\n<meta property=\"article:modified_time\" content=\"2026-04-26T16:48:49+00:00\" \/>\n<meta property=\"og:image\" content=\"https:\/\/netwomening.org\/wp-content\/uploads\/2026\/04\/Dona-5E-enciende-una-chispa-1024x512.png\" \/>\n<meta name=\"twitter:card\" content=\"summary_large_image\" \/>\n<meta name=\"twitter:label1\" content=\"Est. reading time\" \/>\n\t<meta name=\"twitter:data1\" content=\"1 minute\" \/>\n<script type=\"application\/ld+json\" class=\"yoast-schema-graph\">{\"@context\":\"https:\/\/schema.org\",\"@graph\":[{\"@type\":\"WebPage\",\"@id\":\"https:\/\/netwomening.org\/en\/donate\/\",\"url\":\"https:\/\/netwomening.org\/en\/donate\/\",\"name\":\"Donate - NetWomening\",\"isPartOf\":{\"@id\":\"https:\/\/netwomening.org\/en\/#website\"},\"primaryImageOfPage\":{\"@id\":\"https:\/\/netwomening.org\/en\/donate\/#primaryimage\"},\"image\":{\"@id\":\"https:\/\/netwomening.org\/en\/donate\/#primaryimage\"},\"thumbnailUrl\":\"https:\/\/netwomening.org\/wp-content\/uploads\/2026\/04\/Dona-5E-enciende-una-chispa-1024x512.png\",\"datePublished\":\"2026-01-16T11:07:50+00:00\",\"dateModified\":\"2026-04-26T16:48:49+00:00\",\"inLanguage\":\"en-US\",\"potentialAction\":[{\"@type\":\"ReadAction\",\"target\":[\"https:\/\/netwomening.org\/en\/donate\/\"]}]},{\"@type\":\"ImageObject\",\"inLanguage\":\"en-US\",\"@id\":\"https:\/\/netwomening.org\/en\/donate\/#primaryimage\",\"url\":\"https:\/\/netwomening.org\/wp-content\/uploads\/2026\/04\/Dona-5E-enciende-una-chispa-1024x512.png\",\"contentUrl\":\"https:\/\/netwomening.org\/wp-content\/uploads\/2026\/04\/Dona-5E-enciende-una-chispa-1024x512.png\"},{\"@type\":\"WebSite\",\"@id\":\"https:\/\/netwomening.org\/en\/#website\",\"url\":\"https:\/\/netwomening.org\/en\/\",\"name\":\"NetWomening\",\"description\":\"Asociaci\u00f3n sin \u00e1nimo de lucro que ayuda a mujeres afganas bajo protecci\u00f3n internacional en Espa\u00f1a a reiniciar su vida tejiendo una red de apoyo\",\"publisher\":{\"@id\":\"https:\/\/netwomening.org\/en\/#organization\"},\"potentialAction\":[{\"@type\":\"SearchAction\",\"target\":{\"@type\":\"EntryPoint\",\"urlTemplate\":\"https:\/\/netwomening.org\/en\/?s={search_term_string}\"},\"query-input\":{\"@type\":\"PropertyValueSpecification\",\"valueRequired\":true,\"valueName\":\"search_term_string\"}}],\"inLanguage\":\"en-US\"},{\"@type\":\"Organization\",\"@id\":\"https:\/\/netwomening.org\/en\/#organization\",\"name\":\"NetWomening\",\"url\":\"https:\/\/netwomening.org\/en\/\",\"logo\":{\"@type\":\"ImageObject\",\"inLanguage\":\"en-US\",\"@id\":\"https:\/\/netwomening.org\/en\/#\/schema\/logo\/image\/\",\"url\":\"https:\/\/netwomening.org\/wp-content\/uploads\/2023\/08\/Logo_Netwomering-02.svg\",\"contentUrl\":\"https:\/\/netwomening.org\/wp-content\/uploads\/2023\/08\/Logo_Netwomering-02.svg\",\"width\":156,\"height\":17,\"caption\":\"NetWomening\"},\"image\":{\"@id\":\"https:\/\/netwomening.org\/en\/#\/schema\/logo\/image\/\"}}]}<\/script>\n<!-- \/ Yoast SEO plugin. -->","yoast_head_json":{"title":"Donate - NetWomening","robots":{"index":"index","follow":"follow","max-snippet":"max-snippet:-1","max-image-preview":"max-image-preview:large","max-video-preview":"max-video-preview:-1"},"canonical":"https:\/\/netwomening.org\/en\/donate\/","og_locale":"en_US","og_type":"article","og_title":"Donate - NetWomening","og_description":"Your contribution makes our work possible Financial support from people like you, contributes to the social integration and access to the employment market for Afghan women under international protection in Spain. https:\/\/www.youtube.com\/watch?v=4EkDyigrxCU","og_url":"https:\/\/netwomening.org\/en\/donate\/","og_site_name":"NetWomening","article_modified_time":"2026-04-26T16:48:49+00:00","og_image":[{"url":"https:\/\/netwomening.org\/wp-content\/uploads\/2026\/04\/Dona-5E-enciende-una-chispa-1024x512.png","type":"","width":"","height":""}],"twitter_card":"summary_large_image","twitter_misc":{"Est. reading time":"1 minute"},"schema":{"@context":"https:\/\/schema.org","@graph":[{"@type":"WebPage","@id":"https:\/\/netwomening.org\/en\/donate\/","url":"https:\/\/netwomening.org\/en\/donate\/","name":"Donate - NetWomening","isPartOf":{"@id":"https:\/\/netwomening.org\/en\/#website"},"primaryImageOfPage":{"@id":"https:\/\/netwomening.org\/en\/donate\/#primaryimage"},"image":{"@id":"https:\/\/netwomening.org\/en\/donate\/#primaryimage"},"thumbnailUrl":"https:\/\/netwomening.org\/wp-content\/uploads\/2026\/04\/Dona-5E-enciende-una-chispa-1024x512.png","datePublished":"2026-01-16T11:07:50+00:00","dateModified":"2026-04-26T16:48:49+00:00","inLanguage":"en-US","potentialAction":[{"@type":"ReadAction","target":["https:\/\/netwomening.org\/en\/donate\/"]}]},{"@type":"ImageObject","inLanguage":"en-US","@id":"https:\/\/netwomening.org\/en\/donate\/#primaryimage","url":"https:\/\/netwomening.org\/wp-content\/uploads\/2026\/04\/Dona-5E-enciende-una-chispa-1024x512.png","contentUrl":"https:\/\/netwomening.org\/wp-content\/uploads\/2026\/04\/Dona-5E-enciende-una-chispa-1024x512.png"},{"@type":"WebSite","@id":"https:\/\/netwomening.org\/en\/#website","url":"https:\/\/netwomening.org\/en\/","name":"NetWomening","description":"Asociaci\u00f3n sin \u00e1nimo de lucro que ayuda a mujeres afganas bajo protecci\u00f3n internacional en Espa\u00f1a a reiniciar su vida tejiendo una red de apoyo","publisher":{"@id":"https:\/\/netwomening.org\/en\/#organization"},"potentialAction":[{"@type":"SearchAction","target":{"@type":"EntryPoint","urlTemplate":"https:\/\/netwomening.org\/en\/?s={search_term_string}"},"query-input":{"@type":"PropertyValueSpecification","valueRequired":true,"valueName":"search_term_string"}}],"inLanguage":"en-US"},{"@type":"Organization","@id":"https:\/\/netwomening.org\/en\/#organization","name":"NetWomening","url":"https:\/\/netwomening.org\/en\/","logo":{"@type":"ImageObject","inLanguage":"en-US","@id":"https:\/\/netwomening.org\/en\/#\/schema\/logo\/image\/","url":"https:\/\/netwomening.org\/wp-content\/uploads\/2023\/08\/Logo_Netwomering-02.svg","contentUrl":"https:\/\/netwomening.org\/wp-content\/uploads\/2023\/08\/Logo_Netwomering-02.svg","width":156,"height":17,"caption":"NetWomening"},"image":{"@id":"https:\/\/netwomening.org\/en\/#\/schema\/logo\/image\/"}}]}},"jetpack_sharing_enabled":true,"_links":{"self":[{"href":"https:\/\/netwomening.org\/en\/wp-json\/wp\/v2\/pages\/10229","targetHints":{"allow":["GET"]}}],"collection":[{"href":"https:\/\/netwomening.org\/en\/wp-json\/wp\/v2\/pages"}],"about":[{"href":"https:\/\/netwomening.org\/en\/wp-json\/wp\/v2\/types\/page"}],"author":[{"embeddable":true,"href":"https:\/\/netwomening.org\/en\/wp-json\/wp\/v2\/users\/2"}],"replies":[{"embeddable":true,"href":"https:\/\/netwomening.org\/en\/wp-json\/wp\/v2\/comments?post=10229"}],"version-history":[{"count":9,"href":"https:\/\/netwomening.org\/en\/wp-json\/wp\/v2\/pages\/10229\/revisions"}],"predecessor-version":[{"id":10408,"href":"https:\/\/netwomening.org\/en\/wp-json\/wp\/v2\/pages\/10229\/revisions\/10408"}],"wp:attachment":[{"href":"https:\/\/netwomening.org\/en\/wp-json\/wp\/v2\/media?parent=10229"}],"curies":[{"name":"wp","href":"https:\/\/api.w.org\/{rel}","templated":true}]}}